{"id":2418,"date":"2021-09-14T14:47:15","date_gmt":"2021-09-14T18:47:15","guid":{"rendered":"https:\/\/acces.arterequebec.com\/informations-pour-les-employes\/"},"modified":"2023-10-26T14:52:25","modified_gmt":"2023-10-26T18:52:25","slug":"informations-pour-les-employes","status":"publish","type":"page","link":"https:\/\/acces.arterequebec.com\/en\/informations-pour-les-employes\/","title":{"rendered":"Information for employees"},"content":{"rendered":"\t\t<div data-elementor-type=\"wp-page\" data-elementor-id=\"2418\" class=\"elementor elementor-2418 elementor-992\" data-elementor-post-type=\"page\">\n\t\t\t\t\t\t<section class=\"elementor-section elementor-top-section elementor-element elementor-element-8015ad7 elementor-section-height-min-height elementor-section-boxed elementor-section-height-default elementor-section-items-middle\" data-id=\"8015ad7\" data-element_type=\"section\" data-settings=\"{&quot;jet_parallax_layout_list&quot;:[{&quot;jet_parallax_layout_image&quot;:{&quot;url&quot;:&quot;&quot;,&quot;id&quot;:&quot;&quot;,&quot;size&quot;:&quot;&quot;},&quot;_id&quot;:&quot;4ce87e2&quot;,&quot;jet_parallax_layout_image_tablet&quot;:{&quot;url&quot;:&quot;&quot;,&quot;id&quot;:&quot;&quot;,&quot;size&quot;:&quot;&quot;},&quot;jet_parallax_layout_image_mobile&quot;:{&quot;url&quot;:&quot;&quot;,&quot;id&quot;:&quot;&quot;,&quot;size&quot;:&quot;&quot;},&quot;jet_parallax_layout_speed&quot;:{&quot;unit&quot;:&quot;%&quot;,&quot;size&quot;:50,&quot;sizes&quot;:[]},&quot;jet_parallax_layout_type&quot;:&quot;scroll&quot;,&quot;jet_parallax_layout_direction&quot;:&quot;1&quot;,&quot;jet_parallax_layout_fx_direction&quot;:null,&quot;jet_parallax_layout_z_index&quot;:&quot;&quot;,&quot;jet_parallax_layout_bg_x&quot;:50,&quot;jet_parallax_layout_bg_x_tablet&quot;:&quot;&quot;,&quot;jet_parallax_layout_bg_x_mobile&quot;:&quot;&quot;,&quot;jet_parallax_layout_bg_y&quot;:50,&quot;jet_parallax_layout_bg_y_tablet&quot;:&quot;&quot;,&quot;jet_parallax_layout_bg_y_mobile&quot;:&quot;&quot;,&quot;jet_parallax_layout_bg_size&quot;:&quot;auto&quot;,&quot;jet_parallax_layout_bg_size_tablet&quot;:&quot;&quot;,&quot;jet_parallax_layout_bg_size_mobile&quot;:&quot;&quot;,&quot;jet_parallax_layout_animation_prop&quot;:&quot;transform&quot;,&quot;jet_parallax_layout_on&quot;:[&quot;desktop&quot;,&quot;tablet&quot;]}]}\">\n\t\t\t\t\t\t<div class=\"elementor-container elementor-column-gap-default\">\n\t\t\t\t\t<div class=\"elementor-column elementor-col-33 elementor-top-column elementor-element elementor-element-d5df854\" data-id=\"d5df854\" data-element_type=\"column\">\n\t\t\t<div class=\"elementor-widget-wrap elementor-element-populated\">\n\t\t\t\t\t\t<div class=\"elementor-element elementor-element-f595eb4 elementor-widget elementor-widget-image\" data-id=\"f595eb4\" data-element_type=\"widget\" data-widget_type=\"image.default\">\n\t\t\t\t<div class=\"elementor-widget-container\">\n\t\t\t\t\t\t\t\t\t\t\t\t\t\t\t<img fetchpriority=\"high\" decoding=\"async\" width=\"577\" height=\"577\" src=\"https:\/\/acces.arterequebec.com\/wp-content\/uploads\/2021\/07\/Artere-logo-acces@2x.png\" class=\"attachment-large size-large wp-image-2342\" alt=\"\" srcset=\"https:\/\/acces.arterequebec.com\/wp-content\/uploads\/2021\/07\/Artere-logo-acces@2x.png 577w, https:\/\/acces.arterequebec.com\/wp-content\/uploads\/2021\/07\/Artere-logo-acces@2x-300x300.png 300w, https:\/\/acces.arterequebec.com\/wp-content\/uploads\/2021\/07\/Artere-logo-acces@2x-150x150.png 150w\" sizes=\"(max-width: 577px) 100vw, 577px\" \/>\t\t\t\t\t\t\t\t\t\t\t\t\t\t\t<\/div>\n\t\t\t\t<\/div>\n\t\t\t\t\t<\/div>\n\t\t<\/div>\n\t\t\t\t<div class=\"elementor-column elementor-col-66 elementor-top-column elementor-element elementor-element-642c2e8\" data-id=\"642c2e8\" data-element_type=\"column\">\n\t\t\t<div class=\"elementor-widget-wrap elementor-element-populated\">\n\t\t\t\t\t\t<div class=\"elementor-element elementor-element-d150f28 elementor-widget__width-initial elementor-widget elementor-widget-heading\" data-id=\"d150f28\" data-element_type=\"widget\" data-widget_type=\"heading.default\">\n\t\t\t\t<div class=\"elementor-widget-container\">\n\t\t\t\t\t<h1 class=\"elementor-heading-title elementor-size-default\">Information for employees<\/h1>\t\t\t\t<\/div>\n\t\t\t\t<\/div>\n\t\t\t\t<div class=\"elementor-element elementor-element-3781570 elementor-widget elementor-widget-spacer\" data-id=\"3781570\" data-element_type=\"widget\" data-widget_type=\"spacer.default\">\n\t\t\t\t<div class=\"elementor-widget-container\">\n\t\t\t\t\t\t\t<div class=\"elementor-spacer\">\n\t\t\t<div class=\"elementor-spacer-inner\"><\/div>\n\t\t<\/div>\n\t\t\t\t\t\t<\/div>\n\t\t\t\t<\/div>\n\t\t\t\t<div class=\"elementor-element elementor-element-c71f2a4 elementor-widget__width-initial elementor-widget elementor-widget-heading\" data-id=\"c71f2a4\" data-element_type=\"widget\" data-widget_type=\"heading.default\">\n\t\t\t\t<div class=\"elementor-widget-container\">\n\t\t\t\t\t<p class=\"elementor-heading-title elementor-size-default\">What if businesses were more accessible to people with communication disabilities?<\/p>\t\t\t\t<\/div>\n\t\t\t\t<\/div>\n\t\t\t\t\t<\/div>\n\t\t<\/div>\n\t\t\t\t\t<\/div>\n\t\t<\/section>\n\t\t\t\t<section class=\"elementor-section elementor-top-section elementor-element elementor-element-2b342a7 elementor-section-boxed elementor-section-height-default elementor-section-height-default\" data-id=\"2b342a7\" data-element_type=\"section\" data-settings=\"{&quot;jet_parallax_layout_list&quot;:[{&quot;jet_parallax_layout_image&quot;:{&quot;url&quot;:&quot;&quot;,&quot;id&quot;:&quot;&quot;,&quot;size&quot;:&quot;&quot;},&quot;_id&quot;:&quot;85c9d02&quot;,&quot;jet_parallax_layout_image_tablet&quot;:{&quot;url&quot;:&quot;&quot;,&quot;id&quot;:&quot;&quot;,&quot;size&quot;:&quot;&quot;},&quot;jet_parallax_layout_image_mobile&quot;:{&quot;url&quot;:&quot;&quot;,&quot;id&quot;:&quot;&quot;,&quot;size&quot;:&quot;&quot;},&quot;jet_parallax_layout_speed&quot;:{&quot;unit&quot;:&quot;%&quot;,&quot;size&quot;:50,&quot;sizes&quot;:[]},&quot;jet_parallax_layout_type&quot;:&quot;scroll&quot;,&quot;jet_parallax_layout_direction&quot;:&quot;1&quot;,&quot;jet_parallax_layout_fx_direction&quot;:null,&quot;jet_parallax_layout_z_index&quot;:&quot;&quot;,&quot;jet_parallax_layout_bg_x&quot;:50,&quot;jet_parallax_layout_bg_x_tablet&quot;:&quot;&quot;,&quot;jet_parallax_layout_bg_x_mobile&quot;:&quot;&quot;,&quot;jet_parallax_layout_bg_y&quot;:50,&quot;jet_parallax_layout_bg_y_tablet&quot;:&quot;&quot;,&quot;jet_parallax_layout_bg_y_mobile&quot;:&quot;&quot;,&quot;jet_parallax_layout_bg_size&quot;:&quot;auto&quot;,&quot;jet_parallax_layout_bg_size_tablet&quot;:&quot;&quot;,&quot;jet_parallax_layout_bg_size_mobile&quot;:&quot;&quot;,&quot;jet_parallax_layout_animation_prop&quot;:&quot;transform&quot;,&quot;jet_parallax_layout_on&quot;:[&quot;desktop&quot;,&quot;tablet&quot;]}]}\">\n\t\t\t\t\t\t<div class=\"elementor-container elementor-column-gap-default\">\n\t\t\t\t\t<div class=\"elementor-column elementor-col-100 elementor-top-column elementor-element elementor-element-bff6940\" data-id=\"bff6940\" data-element_type=\"column\">\n\t\t\t<div class=\"elementor-widget-wrap elementor-element-populated\">\n\t\t\t\t\t\t<div class=\"elementor-element elementor-element-1c41698 elementor-widget__width-auto elementor-widget elementor-widget-heading\" data-id=\"1c41698\" data-element_type=\"widget\" data-widget_type=\"heading.default\">\n\t\t\t\t<div class=\"elementor-widget-container\">\n\t\t\t\t\t<h1 class=\"elementor-heading-title elementor-size-default\">For commercial employees<\/h1>\t\t\t\t<\/div>\n\t\t\t\t<\/div>\n\t\t\t\t<section class=\"elementor-section elementor-inner-section elementor-element elementor-element-8290781 elementor-section-boxed elementor-section-height-default elementor-section-height-default\" data-id=\"8290781\" data-element_type=\"section\" data-settings=\"{&quot;jet_parallax_layout_list&quot;:[{&quot;jet_parallax_layout_image&quot;:{&quot;url&quot;:&quot;&quot;,&quot;id&quot;:&quot;&quot;,&quot;size&quot;:&quot;&quot;},&quot;_id&quot;:&quot;41ba34c&quot;,&quot;jet_parallax_layout_image_tablet&quot;:{&quot;url&quot;:&quot;&quot;,&quot;id&quot;:&quot;&quot;,&quot;size&quot;:&quot;&quot;},&quot;jet_parallax_layout_image_mobile&quot;:{&quot;url&quot;:&quot;&quot;,&quot;id&quot;:&quot;&quot;,&quot;size&quot;:&quot;&quot;},&quot;jet_parallax_layout_speed&quot;:{&quot;unit&quot;:&quot;%&quot;,&quot;size&quot;:50,&quot;sizes&quot;:[]},&quot;jet_parallax_layout_type&quot;:&quot;scroll&quot;,&quot;jet_parallax_layout_direction&quot;:&quot;1&quot;,&quot;jet_parallax_layout_fx_direction&quot;:null,&quot;jet_parallax_layout_z_index&quot;:&quot;&quot;,&quot;jet_parallax_layout_bg_x&quot;:50,&quot;jet_parallax_layout_bg_x_tablet&quot;:&quot;&quot;,&quot;jet_parallax_layout_bg_x_mobile&quot;:&quot;&quot;,&quot;jet_parallax_layout_bg_y&quot;:50,&quot;jet_parallax_layout_bg_y_tablet&quot;:&quot;&quot;,&quot;jet_parallax_layout_bg_y_mobile&quot;:&quot;&quot;,&quot;jet_parallax_layout_bg_size&quot;:&quot;auto&quot;,&quot;jet_parallax_layout_bg_size_tablet&quot;:&quot;&quot;,&quot;jet_parallax_layout_bg_size_mobile&quot;:&quot;&quot;,&quot;jet_parallax_layout_animation_prop&quot;:&quot;transform&quot;,&quot;jet_parallax_layout_on&quot;:[&quot;desktop&quot;,&quot;tablet&quot;]}]}\">\n\t\t\t\t\t\t<div class=\"elementor-container elementor-column-gap-default\">\n\t\t\t\t\t<div class=\"elementor-column elementor-col-100 elementor-inner-column elementor-element elementor-element-174f09c\" data-id=\"174f09c\" data-element_type=\"column\">\n\t\t\t<div class=\"elementor-widget-wrap elementor-element-populated\">\n\t\t\t\t\t\t<div class=\"elementor-element elementor-element-a90cec7 elementor-widget elementor-widget-text-editor\" data-id=\"a90cec7\" data-element_type=\"widget\" data-widget_type=\"text-editor.default\">\n\t\t\t\t<div class=\"elementor-widget-container\">\n\t\t\t\t\t\t\t\t\t<h5>Training is currently aimed specifically at <strong><u>counter-service restaurants<\/u><\/strong>. However, much of the information available can be applied to other types of businesses.<\/h5><ul><li>Does the business you work for have or wish to obtain the ACCES seal?<\/li><\/ul><p>OR<\/p><ul><li>Are you personally concerned by the issue of business accessibility for people living with communication difficulties?<\/li><\/ul><p>We offer a <u>short online training course<\/u> designed for commercial employees that is <u>free of charge<\/u> and can be taken at whatever time suits you best. It will teach you about aphasia and effective communication strategies to use with those affected.<\/p><p><strong>Note: Everyone who completes the ACCES training course will receive a certificate of attendance.<\/strong><\/p>\t\t\t\t\t\t\t\t<\/div>\n\t\t\t\t<\/div>\n\t\t\t\t<div class=\"elementor-element elementor-element-8fd8736 elementor-widget elementor-widget-spacer\" data-id=\"8fd8736\" data-element_type=\"widget\" data-widget_type=\"spacer.default\">\n\t\t\t\t<div class=\"elementor-widget-container\">\n\t\t\t\t\t\t\t<div class=\"elementor-spacer\">\n\t\t\t<div class=\"elementor-spacer-inner\"><\/div>\n\t\t<\/div>\n\t\t\t\t\t\t<\/div>\n\t\t\t\t<\/div>\n\t\t\t\t<div class=\"elementor-element elementor-element-c642f6e elementor-align-center elementor-mobile-align-justify elementor-widget elementor-widget-button\" data-id=\"c642f6e\" data-element_type=\"widget\" data-widget_type=\"button.default\">\n\t\t\t\t<div class=\"elementor-widget-container\">\n\t\t\t\t\t\t\t\t\t<div class=\"elementor-button-wrapper\">\n\t\t\t\t\t<a class=\"elementor-button elementor-button-link elementor-size-sm elementor-animation-float\" href=\"https:\/\/acces.arterequebec.com\/en\/register\/\">\n\t\t\t\t\t\t<span class=\"elementor-button-content-wrapper\">\n\t\t\t\t\t\t\t\t\t<span class=\"elementor-button-text\">Registration<\/span>\n\t\t\t\t\t<\/span>\n\t\t\t\t\t<\/a>\n\t\t\t\t<\/div>\n\t\t\t\t\t\t\t\t<\/div>\n\t\t\t\t<\/div>\n\t\t\t\t\t<\/div>\n\t\t<\/div>\n\t\t\t\t\t<\/div>\n\t\t<\/section>\n\t\t\t\t\t<\/div>\n\t\t<\/div>\n\t\t\t\t\t<\/div>\n\t\t<\/section>\n\t\t\t\t<\/div>\n\t\t","protected":false},"excerpt":{"rendered":"<p>What if businesses were more accessible to people with communication disabilities? For commercial employees Training is currently aimed specifically at counter-service restaurants. However, much of the information available can be applied to other types of businesses. Does the business you work for have or wish to obtain the ACCES seal? OR Are you personally concerned [&hellip;]<\/p>\n","protected":false},"author":1,"featured_media":2343,"parent":0,"menu_order":0,"comment_status":"closed","ping_status":"closed","template":"","meta":{"footnotes":""},"class_list":["post-2418","page","type-page","status-publish","has-post-thumbnail","hentry"],"yoast_head":"<!-- This site is optimized with the Yoast SEO plugin v26.1.1 - https:\/\/yoast.com\/wordpress\/plugins\/seo\/ -->\n<title>Information for employees - ACCES - Un projet d&#039;Art\u00e8re<\/title>\n<meta name=\"robots\" content=\"index, follow, max-snippet:-1, max-image-preview:large, max-video-preview:-1\" \/>\n<link rel=\"canonical\" href=\"https:\/\/acces.arterequebec.com\/en\/informations-pour-les-employes\/\" \/>\n<meta property=\"og:locale\" content=\"en_US\" \/>\n<meta property=\"og:type\" content=\"article\" \/>\n<meta property=\"og:title\" content=\"Information for employees - ACCES - Un projet d&#039;Art\u00e8re\" \/>\n<meta property=\"og:description\" content=\"What if businesses were more accessible to people with communication disabilities? For commercial employees Training is currently aimed specifically at counter-service restaurants. However, much of the information available can be applied to other types of businesses. Does the business you work for have or wish to obtain the ACCES seal? OR Are you personally concerned [&hellip;]\" \/>\n<meta property=\"og:url\" content=\"https:\/\/acces.arterequebec.com\/en\/informations-pour-les-employes\/\" \/>\n<meta property=\"og:site_name\" content=\"ACCES - Un projet d&#039;Art\u00e8re\" \/>\n<meta property=\"article:modified_time\" content=\"2023-10-26T18:52:25+00:00\" \/>\n<meta property=\"og:image\" content=\"https:\/\/acces.arterequebec.com\/wp-content\/uploads\/2021\/07\/Artere-Logo-Acces-RGB.png\" \/>\n\t<meta property=\"og:image:width\" content=\"1677\" \/>\n\t<meta property=\"og:image:height\" content=\"762\" \/>\n\t<meta property=\"og:image:type\" content=\"image\/png\" \/>\n<meta name=\"twitter:card\" content=\"summary_large_image\" \/>\n<meta name=\"twitter:label1\" content=\"Est. reading time\" \/>\n\t<meta name=\"twitter:data1\" content=\"1 minute\" \/>\n<script type=\"application\/ld+json\" class=\"yoast-schema-graph\">{\"@context\":\"https:\/\/schema.org\",\"@graph\":[{\"@type\":\"WebPage\",\"@id\":\"https:\/\/acces.arterequebec.com\/en\/informations-pour-les-employes\/\",\"url\":\"https:\/\/acces.arterequebec.com\/en\/informations-pour-les-employes\/\",\"name\":\"Information for employees - ACCES - Un projet d&#039;Art\u00e8re\",\"isPartOf\":{\"@id\":\"https:\/\/acces.arterequebec.com\/en\/#website\"},\"primaryImageOfPage\":{\"@id\":\"https:\/\/acces.arterequebec.com\/en\/informations-pour-les-employes\/#primaryimage\"},\"image\":{\"@id\":\"https:\/\/acces.arterequebec.com\/en\/informations-pour-les-employes\/#primaryimage\"},\"thumbnailUrl\":\"https:\/\/acces.arterequebec.com\/wp-content\/uploads\/2021\/07\/Artere-Logo-Acces-RGB.png\",\"datePublished\":\"2021-09-14T18:47:15+00:00\",\"dateModified\":\"2023-10-26T18:52:25+00:00\",\"breadcrumb\":{\"@id\":\"https:\/\/acces.arterequebec.com\/en\/informations-pour-les-employes\/#breadcrumb\"},\"inLanguage\":\"en-US\",\"potentialAction\":[{\"@type\":\"ReadAction\",\"target\":[\"https:\/\/acces.arterequebec.com\/en\/informations-pour-les-employes\/\"]}]},{\"@type\":\"ImageObject\",\"inLanguage\":\"en-US\",\"@id\":\"https:\/\/acces.arterequebec.com\/en\/informations-pour-les-employes\/#primaryimage\",\"url\":\"https:\/\/acces.arterequebec.com\/wp-content\/uploads\/2021\/07\/Artere-Logo-Acces-RGB.png\",\"contentUrl\":\"https:\/\/acces.arterequebec.com\/wp-content\/uploads\/2021\/07\/Artere-Logo-Acces-RGB.png\",\"width\":1677,\"height\":762},{\"@type\":\"BreadcrumbList\",\"@id\":\"https:\/\/acces.arterequebec.com\/en\/informations-pour-les-employes\/#breadcrumb\",\"itemListElement\":[{\"@type\":\"ListItem\",\"position\":1,\"name\":\"Accueil\",\"item\":\"https:\/\/acces.arterequebec.com\/en\/\"},{\"@type\":\"ListItem\",\"position\":2,\"name\":\"Information for employees\"}]},{\"@type\":\"WebSite\",\"@id\":\"https:\/\/acces.arterequebec.com\/en\/#website\",\"url\":\"https:\/\/acces.arterequebec.com\/en\/\",\"name\":\"ACCES - Un projet d&#039;Art\u00e8re\",\"description\":\"Accessibilit\u00e9 communicationnelle des commerces pour une \u00e9quit\u00e9 des services\",\"publisher\":{\"@id\":\"https:\/\/acces.arterequebec.com\/en\/#organization\"},\"potentialAction\":[{\"@type\":\"SearchAction\",\"target\":{\"@type\":\"EntryPoint\",\"urlTemplate\":\"https:\/\/acces.arterequebec.com\/en\/?s={search_term_string}\"},\"query-input\":{\"@type\":\"PropertyValueSpecification\",\"valueRequired\":true,\"valueName\":\"search_term_string\"}}],\"inLanguage\":\"en-US\"},{\"@type\":\"Organization\",\"@id\":\"https:\/\/acces.arterequebec.com\/en\/#organization\",\"name\":\"ACCES - Un projet d&#039;Art\u00e8re\",\"url\":\"https:\/\/acces.arterequebec.com\/en\/\",\"logo\":{\"@type\":\"ImageObject\",\"inLanguage\":\"en-US\",\"@id\":\"https:\/\/acces.arterequebec.com\/en\/#\/schema\/logo\/image\/\",\"url\":\"https:\/\/acces.arterequebec.com\/wp-content\/uploads\/2021\/07\/Artere-Logo-Acces-RGB.png\",\"contentUrl\":\"https:\/\/acces.arterequebec.com\/wp-content\/uploads\/2021\/07\/Artere-Logo-Acces-RGB.png\",\"width\":1677,\"height\":762,\"caption\":\"ACCES - Un projet d&#039;Art\u00e8re\"},\"image\":{\"@id\":\"https:\/\/acces.arterequebec.com\/en\/#\/schema\/logo\/image\/\"}}]}<\/script>\n<!-- \/ Yoast SEO plugin. -->","yoast_head_json":{"title":"Information for employees - ACCES - Un projet d&#039;Art\u00e8re","robots":{"index":"index","follow":"follow","max-snippet":"max-snippet:-1","max-image-preview":"max-image-preview:large","max-video-preview":"max-video-preview:-1"},"canonical":"https:\/\/acces.arterequebec.com\/en\/informations-pour-les-employes\/","og_locale":"en_US","og_type":"article","og_title":"Information for employees - ACCES - Un projet d&#039;Art\u00e8re","og_description":"What if businesses were more accessible to people with communication disabilities? For commercial employees Training is currently aimed specifically at counter-service restaurants. However, much of the information available can be applied to other types of businesses. Does the business you work for have or wish to obtain the ACCES seal? OR Are you personally concerned [&hellip;]","og_url":"https:\/\/acces.arterequebec.com\/en\/informations-pour-les-employes\/","og_site_name":"ACCES - Un projet d&#039;Art\u00e8re","article_modified_time":"2023-10-26T18:52:25+00:00","og_image":[{"width":1677,"height":762,"url":"https:\/\/acces.arterequebec.com\/wp-content\/uploads\/2021\/07\/Artere-Logo-Acces-RGB.png","type":"image\/png"}],"twitter_card":"summary_large_image","twitter_misc":{"Est. reading time":"1 minute"},"schema":{"@context":"https:\/\/schema.org","@graph":[{"@type":"WebPage","@id":"https:\/\/acces.arterequebec.com\/en\/informations-pour-les-employes\/","url":"https:\/\/acces.arterequebec.com\/en\/informations-pour-les-employes\/","name":"Information for employees - ACCES - Un projet d&#039;Art\u00e8re","isPartOf":{"@id":"https:\/\/acces.arterequebec.com\/en\/#website"},"primaryImageOfPage":{"@id":"https:\/\/acces.arterequebec.com\/en\/informations-pour-les-employes\/#primaryimage"},"image":{"@id":"https:\/\/acces.arterequebec.com\/en\/informations-pour-les-employes\/#primaryimage"},"thumbnailUrl":"https:\/\/acces.arterequebec.com\/wp-content\/uploads\/2021\/07\/Artere-Logo-Acces-RGB.png","datePublished":"2021-09-14T18:47:15+00:00","dateModified":"2023-10-26T18:52:25+00:00","breadcrumb":{"@id":"https:\/\/acces.arterequebec.com\/en\/informations-pour-les-employes\/#breadcrumb"},"inLanguage":"en-US","potentialAction":[{"@type":"ReadAction","target":["https:\/\/acces.arterequebec.com\/en\/informations-pour-les-employes\/"]}]},{"@type":"ImageObject","inLanguage":"en-US","@id":"https:\/\/acces.arterequebec.com\/en\/informations-pour-les-employes\/#primaryimage","url":"https:\/\/acces.arterequebec.com\/wp-content\/uploads\/2021\/07\/Artere-Logo-Acces-RGB.png","contentUrl":"https:\/\/acces.arterequebec.com\/wp-content\/uploads\/2021\/07\/Artere-Logo-Acces-RGB.png","width":1677,"height":762},{"@type":"BreadcrumbList","@id":"https:\/\/acces.arterequebec.com\/en\/informations-pour-les-employes\/#breadcrumb","itemListElement":[{"@type":"ListItem","position":1,"name":"Accueil","item":"https:\/\/acces.arterequebec.com\/en\/"},{"@type":"ListItem","position":2,"name":"Information for employees"}]},{"@type":"WebSite","@id":"https:\/\/acces.arterequebec.com\/en\/#website","url":"https:\/\/acces.arterequebec.com\/en\/","name":"ACCES - Un projet d&#039;Art\u00e8re","description":"Accessibilit\u00e9 communicationnelle des commerces pour une \u00e9quit\u00e9 des services","publisher":{"@id":"https:\/\/acces.arterequebec.com\/en\/#organization"},"potentialAction":[{"@type":"SearchAction","target":{"@type":"EntryPoint","urlTemplate":"https:\/\/acces.arterequebec.com\/en\/?s={search_term_string}"},"query-input":{"@type":"PropertyValueSpecification","valueRequired":true,"valueName":"search_term_string"}}],"inLanguage":"en-US"},{"@type":"Organization","@id":"https:\/\/acces.arterequebec.com\/en\/#organization","name":"ACCES - Un projet d&#039;Art\u00e8re","url":"https:\/\/acces.arterequebec.com\/en\/","logo":{"@type":"ImageObject","inLanguage":"en-US","@id":"https:\/\/acces.arterequebec.com\/en\/#\/schema\/logo\/image\/","url":"https:\/\/acces.arterequebec.com\/wp-content\/uploads\/2021\/07\/Artere-Logo-Acces-RGB.png","contentUrl":"https:\/\/acces.arterequebec.com\/wp-content\/uploads\/2021\/07\/Artere-Logo-Acces-RGB.png","width":1677,"height":762,"caption":"ACCES - Un projet d&#039;Art\u00e8re"},"image":{"@id":"https:\/\/acces.arterequebec.com\/en\/#\/schema\/logo\/image\/"}}]}},"_links":{"self":[{"href":"https:\/\/acces.arterequebec.com\/en\/wp-json\/wp\/v2\/pages\/2418","targetHints":{"allow":["GET"]}}],"collection":[{"href":"https:\/\/acces.arterequebec.com\/en\/wp-json\/wp\/v2\/pages"}],"about":[{"href":"https:\/\/acces.arterequebec.com\/en\/wp-json\/wp\/v2\/types\/page"}],"author":[{"embeddable":true,"href":"https:\/\/acces.arterequebec.com\/en\/wp-json\/wp\/v2\/users\/1"}],"replies":[{"embeddable":true,"href":"https:\/\/acces.arterequebec.com\/en\/wp-json\/wp\/v2\/comments?post=2418"}],"version-history":[{"count":9,"href":"https:\/\/acces.arterequebec.com\/en\/wp-json\/wp\/v2\/pages\/2418\/revisions"}],"predecessor-version":[{"id":2512,"href":"https:\/\/acces.arterequebec.com\/en\/wp-json\/wp\/v2\/pages\/2418\/revisions\/2512"}],"wp:featuredmedia":[{"embeddable":true,"href":"https:\/\/acces.arterequebec.com\/en\/wp-json\/wp\/v2\/media\/2343"}],"wp:attachment":[{"href":"https:\/\/acces.arterequebec.com\/en\/wp-json\/wp\/v2\/media?parent=2418"}],"curies":[{"name":"wp","href":"https:\/\/api.w.org\/{rel}","templated":true}]}}