{"id":2417,"date":"2023-03-17T08:00:50","date_gmt":"2023-03-17T12:00:50","guid":{"rendered":"https:\/\/acces.arterequebec.com\/informations-pour-le-grand-public\/"},"modified":"2023-12-08T09:52:54","modified_gmt":"2023-12-08T14:52:54","slug":"informations-pour-le-grand-public","status":"publish","type":"page","link":"https:\/\/acces.arterequebec.com\/en\/informations-pour-le-grand-public\/","title":{"rendered":"Information for the General Public"},"content":{"rendered":"\t\t<div data-elementor-type=\"wp-page\" data-elementor-id=\"2417\" class=\"elementor elementor-2417 elementor-2150\" data-elementor-post-type=\"page\">\n\t\t\t\t\t\t<section class=\"elementor-section elementor-top-section elementor-element elementor-element-778e8b4 elementor-section-height-min-height elementor-section-boxed elementor-section-height-default elementor-section-items-middle\" data-id=\"778e8b4\" data-element_type=\"section\" data-settings=\"{&quot;jet_parallax_layout_list&quot;:[{&quot;jet_parallax_layout_image&quot;:{&quot;url&quot;:&quot;&quot;,&quot;id&quot;:&quot;&quot;,&quot;size&quot;:&quot;&quot;},&quot;_id&quot;:&quot;4ce87e2&quot;,&quot;jet_parallax_layout_image_tablet&quot;:{&quot;url&quot;:&quot;&quot;,&quot;id&quot;:&quot;&quot;,&quot;size&quot;:&quot;&quot;},&quot;jet_parallax_layout_image_mobile&quot;:{&quot;url&quot;:&quot;&quot;,&quot;id&quot;:&quot;&quot;,&quot;size&quot;:&quot;&quot;},&quot;jet_parallax_layout_speed&quot;:{&quot;unit&quot;:&quot;%&quot;,&quot;size&quot;:50,&quot;sizes&quot;:[]},&quot;jet_parallax_layout_type&quot;:&quot;scroll&quot;,&quot;jet_parallax_layout_direction&quot;:&quot;1&quot;,&quot;jet_parallax_layout_fx_direction&quot;:null,&quot;jet_parallax_layout_z_index&quot;:&quot;&quot;,&quot;jet_parallax_layout_bg_x&quot;:50,&quot;jet_parallax_layout_bg_x_tablet&quot;:&quot;&quot;,&quot;jet_parallax_layout_bg_x_mobile&quot;:&quot;&quot;,&quot;jet_parallax_layout_bg_y&quot;:50,&quot;jet_parallax_layout_bg_y_tablet&quot;:&quot;&quot;,&quot;jet_parallax_layout_bg_y_mobile&quot;:&quot;&quot;,&quot;jet_parallax_layout_bg_size&quot;:&quot;auto&quot;,&quot;jet_parallax_layout_bg_size_tablet&quot;:&quot;&quot;,&quot;jet_parallax_layout_bg_size_mobile&quot;:&quot;&quot;,&quot;jet_parallax_layout_animation_prop&quot;:&quot;transform&quot;,&quot;jet_parallax_layout_on&quot;:[&quot;desktop&quot;,&quot;tablet&quot;]}]}\">\n\t\t\t\t\t\t<div class=\"elementor-container elementor-column-gap-default\">\n\t\t\t\t\t<div class=\"elementor-column elementor-col-33 elementor-top-column elementor-element elementor-element-250cd4c\" data-id=\"250cd4c\" data-element_type=\"column\">\n\t\t\t<div class=\"elementor-widget-wrap elementor-element-populated\">\n\t\t\t\t\t\t<div class=\"elementor-element elementor-element-dfafd91 elementor-widget elementor-widget-image\" data-id=\"dfafd91\" data-element_type=\"widget\" data-widget_type=\"image.default\">\n\t\t\t\t<div class=\"elementor-widget-container\">\n\t\t\t\t\t\t\t\t\t\t\t\t\t\t\t<img fetchpriority=\"high\" decoding=\"async\" width=\"577\" height=\"577\" src=\"https:\/\/acces.arterequebec.com\/wp-content\/uploads\/2021\/07\/Artere-logo-acces@2x.png\" class=\"attachment-large size-large wp-image-2342\" alt=\"\" srcset=\"https:\/\/acces.arterequebec.com\/wp-content\/uploads\/2021\/07\/Artere-logo-acces@2x.png 577w, https:\/\/acces.arterequebec.com\/wp-content\/uploads\/2021\/07\/Artere-logo-acces@2x-300x300.png 300w, https:\/\/acces.arterequebec.com\/wp-content\/uploads\/2021\/07\/Artere-logo-acces@2x-150x150.png 150w\" sizes=\"(max-width: 577px) 100vw, 577px\" \/>\t\t\t\t\t\t\t\t\t\t\t\t\t\t\t<\/div>\n\t\t\t\t<\/div>\n\t\t\t\t\t<\/div>\n\t\t<\/div>\n\t\t\t\t<div class=\"elementor-column elementor-col-66 elementor-top-column elementor-element elementor-element-1ac3e1c\" data-id=\"1ac3e1c\" data-element_type=\"column\">\n\t\t\t<div class=\"elementor-widget-wrap elementor-element-populated\">\n\t\t\t\t\t\t<div class=\"elementor-element elementor-element-217b603 elementor-widget__width-initial elementor-widget elementor-widget-heading\" data-id=\"217b603\" data-element_type=\"widget\" data-widget_type=\"heading.default\">\n\t\t\t\t<div class=\"elementor-widget-container\">\n\t\t\t\t\t<h1 class=\"elementor-heading-title elementor-size-default\">Information for the General Public<\/h1>\t\t\t\t<\/div>\n\t\t\t\t<\/div>\n\t\t\t\t<div class=\"elementor-element elementor-element-110b89e elementor-widget elementor-widget-spacer\" data-id=\"110b89e\" data-element_type=\"widget\" data-widget_type=\"spacer.default\">\n\t\t\t\t<div class=\"elementor-widget-container\">\n\t\t\t\t\t\t\t<div class=\"elementor-spacer\">\n\t\t\t<div class=\"elementor-spacer-inner\"><\/div>\n\t\t<\/div>\n\t\t\t\t\t\t<\/div>\n\t\t\t\t<\/div>\n\t\t\t\t<div class=\"elementor-element elementor-element-52ee197 elementor-widget__width-initial elementor-widget elementor-widget-heading\" data-id=\"52ee197\" data-element_type=\"widget\" data-widget_type=\"heading.default\">\n\t\t\t\t<div class=\"elementor-widget-container\">\n\t\t\t\t\t<p class=\"elementor-heading-title elementor-size-default\">What if businesses were more accessible to people with communication disabilities?<\/p>\t\t\t\t<\/div>\n\t\t\t\t<\/div>\n\t\t\t\t\t<\/div>\n\t\t<\/div>\n\t\t\t\t\t<\/div>\n\t\t<\/section>\n\t\t\t\t<section class=\"elementor-section elementor-top-section elementor-element elementor-element-365f8e8 elementor-section-boxed elementor-section-height-default elementor-section-height-default\" data-id=\"365f8e8\" data-element_type=\"section\" data-settings=\"{&quot;jet_parallax_layout_list&quot;:[{&quot;jet_parallax_layout_image&quot;:{&quot;url&quot;:&quot;&quot;,&quot;id&quot;:&quot;&quot;,&quot;size&quot;:&quot;&quot;},&quot;_id&quot;:&quot;a4efc19&quot;,&quot;jet_parallax_layout_image_tablet&quot;:{&quot;url&quot;:&quot;&quot;,&quot;id&quot;:&quot;&quot;,&quot;size&quot;:&quot;&quot;},&quot;jet_parallax_layout_image_mobile&quot;:{&quot;url&quot;:&quot;&quot;,&quot;id&quot;:&quot;&quot;,&quot;size&quot;:&quot;&quot;},&quot;jet_parallax_layout_speed&quot;:{&quot;unit&quot;:&quot;%&quot;,&quot;size&quot;:50,&quot;sizes&quot;:[]},&quot;jet_parallax_layout_type&quot;:&quot;scroll&quot;,&quot;jet_parallax_layout_direction&quot;:&quot;1&quot;,&quot;jet_parallax_layout_fx_direction&quot;:null,&quot;jet_parallax_layout_z_index&quot;:&quot;&quot;,&quot;jet_parallax_layout_bg_x&quot;:50,&quot;jet_parallax_layout_bg_x_tablet&quot;:&quot;&quot;,&quot;jet_parallax_layout_bg_x_mobile&quot;:&quot;&quot;,&quot;jet_parallax_layout_bg_y&quot;:50,&quot;jet_parallax_layout_bg_y_tablet&quot;:&quot;&quot;,&quot;jet_parallax_layout_bg_y_mobile&quot;:&quot;&quot;,&quot;jet_parallax_layout_bg_size&quot;:&quot;auto&quot;,&quot;jet_parallax_layout_bg_size_tablet&quot;:&quot;&quot;,&quot;jet_parallax_layout_bg_size_mobile&quot;:&quot;&quot;,&quot;jet_parallax_layout_animation_prop&quot;:&quot;transform&quot;,&quot;jet_parallax_layout_on&quot;:[&quot;desktop&quot;,&quot;tablet&quot;]}]}\">\n\t\t\t\t\t\t<div class=\"elementor-container elementor-column-gap-default\">\n\t\t\t\t\t<div class=\"elementor-column elementor-col-100 elementor-top-column elementor-element elementor-element-f3c24fe\" data-id=\"f3c24fe\" data-element_type=\"column\">\n\t\t\t<div class=\"elementor-widget-wrap elementor-element-populated\">\n\t\t\t\t\t\t<div class=\"elementor-element elementor-element-ac26f8d elementor-widget__width-auto elementor-widget elementor-widget-heading\" data-id=\"ac26f8d\" data-element_type=\"widget\" data-widget_type=\"heading.default\">\n\t\t\t\t<div class=\"elementor-widget-container\">\n\t\t\t\t\t<h2 class=\"elementor-heading-title elementor-size-default\">Are you interested in training?<\/h2>\t\t\t\t<\/div>\n\t\t\t\t<\/div>\n\t\t\t\t<div class=\"elementor-element elementor-element-8898724 elementor-widget elementor-widget-text-editor\" data-id=\"8898724\" data-element_type=\"widget\" data-widget_type=\"text-editor.default\">\n\t\t\t\t<div class=\"elementor-widget-container\">\n\t\t\t\t\t\t\t\t\t<p>Do you work with the public and want to be better equipped to interact with people who have communication disorders?<\/p>\n<p>You can view the light version of the training course by <a href=\"https:\/\/acces.arterequebec.com\/en\/register\/\">registering for free here<\/a>.<\/p>\n<p>Note that if you complete this training, a certificate will be provided.<\/p>\t\t\t\t\t\t\t\t<\/div>\n\t\t\t\t<\/div>\n\t\t\t\t\t<\/div>\n\t\t<\/div>\n\t\t\t\t\t<\/div>\n\t\t<\/section>\n\t\t\t\t<\/div>\n\t\t","protected":false},"excerpt":{"rendered":"<p>What if businesses were more accessible to people with communication disabilities? Are you interested in training? Do you work with the public and want to be better equipped to interact with people who have communication disorders? You can view the light version of the training course by registering for free here. Note that if you [&hellip;]<\/p>\n","protected":false},"author":1,"featured_media":2343,"parent":0,"menu_order":0,"comment_status":"closed","ping_status":"closed","template":"","meta":{"footnotes":""},"class_list":["post-2417","page","type-page","status-publish","has-post-thumbnail","hentry"],"yoast_head":"<!-- This site is optimized with the Yoast SEO plugin v26.1.1 - https:\/\/yoast.com\/wordpress\/plugins\/seo\/ -->\n<title>Information for the General Public - ACCES - Un projet d&#039;Art\u00e8re<\/title>\n<meta name=\"robots\" content=\"index, follow, max-snippet:-1, max-image-preview:large, max-video-preview:-1\" \/>\n<link rel=\"canonical\" href=\"https:\/\/acces.arterequebec.com\/en\/informations-pour-le-grand-public\/\" \/>\n<meta property=\"og:locale\" content=\"en_US\" \/>\n<meta property=\"og:type\" content=\"article\" \/>\n<meta property=\"og:title\" content=\"Information for the General Public - ACCES - Un projet d&#039;Art\u00e8re\" \/>\n<meta property=\"og:description\" content=\"What if businesses were more accessible to people with communication disabilities? Are you interested in training? Do you work with the public and want to be better equipped to interact with people who have communication disorders? You can view the light version of the training course by registering for free here. Note that if you [&hellip;]\" \/>\n<meta property=\"og:url\" content=\"https:\/\/acces.arterequebec.com\/en\/informations-pour-le-grand-public\/\" \/>\n<meta property=\"og:site_name\" content=\"ACCES - Un projet d&#039;Art\u00e8re\" \/>\n<meta property=\"article:modified_time\" content=\"2023-12-08T14:52:54+00:00\" \/>\n<meta property=\"og:image\" content=\"https:\/\/acces.arterequebec.com\/wp-content\/uploads\/2021\/07\/Artere-Logo-Acces-RGB.png\" \/>\n\t<meta property=\"og:image:width\" content=\"1677\" \/>\n\t<meta property=\"og:image:height\" content=\"762\" \/>\n\t<meta property=\"og:image:type\" content=\"image\/png\" \/>\n<meta name=\"twitter:card\" content=\"summary_large_image\" \/>\n<meta name=\"twitter:label1\" content=\"Est. reading time\" \/>\n\t<meta name=\"twitter:data1\" content=\"1 minute\" \/>\n<script type=\"application\/ld+json\" class=\"yoast-schema-graph\">{\"@context\":\"https:\/\/schema.org\",\"@graph\":[{\"@type\":\"WebPage\",\"@id\":\"https:\/\/acces.arterequebec.com\/en\/informations-pour-le-grand-public\/\",\"url\":\"https:\/\/acces.arterequebec.com\/en\/informations-pour-le-grand-public\/\",\"name\":\"Information for the General Public - ACCES - Un projet d&#039;Art\u00e8re\",\"isPartOf\":{\"@id\":\"https:\/\/acces.arterequebec.com\/en\/#website\"},\"primaryImageOfPage\":{\"@id\":\"https:\/\/acces.arterequebec.com\/en\/informations-pour-le-grand-public\/#primaryimage\"},\"image\":{\"@id\":\"https:\/\/acces.arterequebec.com\/en\/informations-pour-le-grand-public\/#primaryimage\"},\"thumbnailUrl\":\"https:\/\/acces.arterequebec.com\/wp-content\/uploads\/2021\/07\/Artere-Logo-Acces-RGB.png\",\"datePublished\":\"2023-03-17T12:00:50+00:00\",\"dateModified\":\"2023-12-08T14:52:54+00:00\",\"breadcrumb\":{\"@id\":\"https:\/\/acces.arterequebec.com\/en\/informations-pour-le-grand-public\/#breadcrumb\"},\"inLanguage\":\"en-US\",\"potentialAction\":[{\"@type\":\"ReadAction\",\"target\":[\"https:\/\/acces.arterequebec.com\/en\/informations-pour-le-grand-public\/\"]}]},{\"@type\":\"ImageObject\",\"inLanguage\":\"en-US\",\"@id\":\"https:\/\/acces.arterequebec.com\/en\/informations-pour-le-grand-public\/#primaryimage\",\"url\":\"https:\/\/acces.arterequebec.com\/wp-content\/uploads\/2021\/07\/Artere-Logo-Acces-RGB.png\",\"contentUrl\":\"https:\/\/acces.arterequebec.com\/wp-content\/uploads\/2021\/07\/Artere-Logo-Acces-RGB.png\",\"width\":1677,\"height\":762},{\"@type\":\"BreadcrumbList\",\"@id\":\"https:\/\/acces.arterequebec.com\/en\/informations-pour-le-grand-public\/#breadcrumb\",\"itemListElement\":[{\"@type\":\"ListItem\",\"position\":1,\"name\":\"Accueil\",\"item\":\"https:\/\/acces.arterequebec.com\/en\/\"},{\"@type\":\"ListItem\",\"position\":2,\"name\":\"Information for the General Public\"}]},{\"@type\":\"WebSite\",\"@id\":\"https:\/\/acces.arterequebec.com\/en\/#website\",\"url\":\"https:\/\/acces.arterequebec.com\/en\/\",\"name\":\"ACCES - Un projet d&#039;Art\u00e8re\",\"description\":\"Accessibilit\u00e9 communicationnelle des commerces pour une \u00e9quit\u00e9 des services\",\"publisher\":{\"@id\":\"https:\/\/acces.arterequebec.com\/en\/#organization\"},\"potentialAction\":[{\"@type\":\"SearchAction\",\"target\":{\"@type\":\"EntryPoint\",\"urlTemplate\":\"https:\/\/acces.arterequebec.com\/en\/?s={search_term_string}\"},\"query-input\":{\"@type\":\"PropertyValueSpecification\",\"valueRequired\":true,\"valueName\":\"search_term_string\"}}],\"inLanguage\":\"en-US\"},{\"@type\":\"Organization\",\"@id\":\"https:\/\/acces.arterequebec.com\/en\/#organization\",\"name\":\"ACCES - Un projet d&#039;Art\u00e8re\",\"url\":\"https:\/\/acces.arterequebec.com\/en\/\",\"logo\":{\"@type\":\"ImageObject\",\"inLanguage\":\"en-US\",\"@id\":\"https:\/\/acces.arterequebec.com\/en\/#\/schema\/logo\/image\/\",\"url\":\"https:\/\/acces.arterequebec.com\/wp-content\/uploads\/2021\/07\/Artere-Logo-Acces-RGB.png\",\"contentUrl\":\"https:\/\/acces.arterequebec.com\/wp-content\/uploads\/2021\/07\/Artere-Logo-Acces-RGB.png\",\"width\":1677,\"height\":762,\"caption\":\"ACCES - Un projet d&#039;Art\u00e8re\"},\"image\":{\"@id\":\"https:\/\/acces.arterequebec.com\/en\/#\/schema\/logo\/image\/\"}}]}<\/script>\n<!-- \/ Yoast SEO plugin. -->","yoast_head_json":{"title":"Information for the General Public - ACCES - Un projet d&#039;Art\u00e8re","robots":{"index":"index","follow":"follow","max-snippet":"max-snippet:-1","max-image-preview":"max-image-preview:large","max-video-preview":"max-video-preview:-1"},"canonical":"https:\/\/acces.arterequebec.com\/en\/informations-pour-le-grand-public\/","og_locale":"en_US","og_type":"article","og_title":"Information for the General Public - ACCES - Un projet d&#039;Art\u00e8re","og_description":"What if businesses were more accessible to people with communication disabilities? Are you interested in training? Do you work with the public and want to be better equipped to interact with people who have communication disorders? You can view the light version of the training course by registering for free here. Note that if you [&hellip;]","og_url":"https:\/\/acces.arterequebec.com\/en\/informations-pour-le-grand-public\/","og_site_name":"ACCES - Un projet d&#039;Art\u00e8re","article_modified_time":"2023-12-08T14:52:54+00:00","og_image":[{"width":1677,"height":762,"url":"https:\/\/acces.arterequebec.com\/wp-content\/uploads\/2021\/07\/Artere-Logo-Acces-RGB.png","type":"image\/png"}],"twitter_card":"summary_large_image","twitter_misc":{"Est. reading time":"1 minute"},"schema":{"@context":"https:\/\/schema.org","@graph":[{"@type":"WebPage","@id":"https:\/\/acces.arterequebec.com\/en\/informations-pour-le-grand-public\/","url":"https:\/\/acces.arterequebec.com\/en\/informations-pour-le-grand-public\/","name":"Information for the General Public - ACCES - Un projet d&#039;Art\u00e8re","isPartOf":{"@id":"https:\/\/acces.arterequebec.com\/en\/#website"},"primaryImageOfPage":{"@id":"https:\/\/acces.arterequebec.com\/en\/informations-pour-le-grand-public\/#primaryimage"},"image":{"@id":"https:\/\/acces.arterequebec.com\/en\/informations-pour-le-grand-public\/#primaryimage"},"thumbnailUrl":"https:\/\/acces.arterequebec.com\/wp-content\/uploads\/2021\/07\/Artere-Logo-Acces-RGB.png","datePublished":"2023-03-17T12:00:50+00:00","dateModified":"2023-12-08T14:52:54+00:00","breadcrumb":{"@id":"https:\/\/acces.arterequebec.com\/en\/informations-pour-le-grand-public\/#breadcrumb"},"inLanguage":"en-US","potentialAction":[{"@type":"ReadAction","target":["https:\/\/acces.arterequebec.com\/en\/informations-pour-le-grand-public\/"]}]},{"@type":"ImageObject","inLanguage":"en-US","@id":"https:\/\/acces.arterequebec.com\/en\/informations-pour-le-grand-public\/#primaryimage","url":"https:\/\/acces.arterequebec.com\/wp-content\/uploads\/2021\/07\/Artere-Logo-Acces-RGB.png","contentUrl":"https:\/\/acces.arterequebec.com\/wp-content\/uploads\/2021\/07\/Artere-Logo-Acces-RGB.png","width":1677,"height":762},{"@type":"BreadcrumbList","@id":"https:\/\/acces.arterequebec.com\/en\/informations-pour-le-grand-public\/#breadcrumb","itemListElement":[{"@type":"ListItem","position":1,"name":"Accueil","item":"https:\/\/acces.arterequebec.com\/en\/"},{"@type":"ListItem","position":2,"name":"Information for the General Public"}]},{"@type":"WebSite","@id":"https:\/\/acces.arterequebec.com\/en\/#website","url":"https:\/\/acces.arterequebec.com\/en\/","name":"ACCES - Un projet d&#039;Art\u00e8re","description":"Accessibilit\u00e9 communicationnelle des commerces pour une \u00e9quit\u00e9 des services","publisher":{"@id":"https:\/\/acces.arterequebec.com\/en\/#organization"},"potentialAction":[{"@type":"SearchAction","target":{"@type":"EntryPoint","urlTemplate":"https:\/\/acces.arterequebec.com\/en\/?s={search_term_string}"},"query-input":{"@type":"PropertyValueSpecification","valueRequired":true,"valueName":"search_term_string"}}],"inLanguage":"en-US"},{"@type":"Organization","@id":"https:\/\/acces.arterequebec.com\/en\/#organization","name":"ACCES - Un projet d&#039;Art\u00e8re","url":"https:\/\/acces.arterequebec.com\/en\/","logo":{"@type":"ImageObject","inLanguage":"en-US","@id":"https:\/\/acces.arterequebec.com\/en\/#\/schema\/logo\/image\/","url":"https:\/\/acces.arterequebec.com\/wp-content\/uploads\/2021\/07\/Artere-Logo-Acces-RGB.png","contentUrl":"https:\/\/acces.arterequebec.com\/wp-content\/uploads\/2021\/07\/Artere-Logo-Acces-RGB.png","width":1677,"height":762,"caption":"ACCES - Un projet d&#039;Art\u00e8re"},"image":{"@id":"https:\/\/acces.arterequebec.com\/en\/#\/schema\/logo\/image\/"}}]}},"_links":{"self":[{"href":"https:\/\/acces.arterequebec.com\/en\/wp-json\/wp\/v2\/pages\/2417","targetHints":{"allow":["GET"]}}],"collection":[{"href":"https:\/\/acces.arterequebec.com\/en\/wp-json\/wp\/v2\/pages"}],"about":[{"href":"https:\/\/acces.arterequebec.com\/en\/wp-json\/wp\/v2\/types\/page"}],"author":[{"embeddable":true,"href":"https:\/\/acces.arterequebec.com\/en\/wp-json\/wp\/v2\/users\/1"}],"replies":[{"embeddable":true,"href":"https:\/\/acces.arterequebec.com\/en\/wp-json\/wp\/v2\/comments?post=2417"}],"version-history":[{"count":12,"href":"https:\/\/acces.arterequebec.com\/en\/wp-json\/wp\/v2\/pages\/2417\/revisions"}],"predecessor-version":[{"id":3142,"href":"https:\/\/acces.arterequebec.com\/en\/wp-json\/wp\/v2\/pages\/2417\/revisions\/3142"}],"wp:featuredmedia":[{"embeddable":true,"href":"https:\/\/acces.arterequebec.com\/en\/wp-json\/wp\/v2\/media\/2343"}],"wp:attachment":[{"href":"https:\/\/acces.arterequebec.com\/en\/wp-json\/wp\/v2\/media?parent=2417"}],"curies":[{"name":"wp","href":"https:\/\/api.w.org\/{rel}","templated":true}]}}