{"id":2416,"date":"2021-08-04T08:07:55","date_gmt":"2021-08-04T12:07:55","guid":{"rendered":"https:\/\/acces.arterequebec.com\/formations-disponibles\/"},"modified":"2025-06-06T08:21:44","modified_gmt":"2025-06-06T12:21:44","slug":"available-courses","status":"publish","type":"page","link":"https:\/\/acces.arterequebec.com\/en\/available-courses\/","title":{"rendered":"Available course(s)"},"content":{"rendered":"\t\t<div data-elementor-type=\"wp-page\" data-elementor-id=\"2416\" class=\"elementor elementor-2416 elementor-342\" data-elementor-post-type=\"page\">\n\t\t\t\t\t\t<section class=\"elementor-section elementor-top-section elementor-element elementor-element-5364cd0 elementor-section-boxed elementor-section-height-default elementor-section-height-default\" data-id=\"5364cd0\" data-element_type=\"section\" data-settings=\"{&quot;jet_parallax_layout_list&quot;:[{&quot;jet_parallax_layout_image&quot;:{&quot;url&quot;:&quot;&quot;,&quot;id&quot;:&quot;&quot;,&quot;size&quot;:&quot;&quot;},&quot;_id&quot;:&quot;47eb072&quot;,&quot;jet_parallax_layout_image_tablet&quot;:{&quot;url&quot;:&quot;&quot;,&quot;id&quot;:&quot;&quot;,&quot;size&quot;:&quot;&quot;},&quot;jet_parallax_layout_image_mobile&quot;:{&quot;url&quot;:&quot;&quot;,&quot;id&quot;:&quot;&quot;,&quot;size&quot;:&quot;&quot;},&quot;jet_parallax_layout_speed&quot;:{&quot;unit&quot;:&quot;%&quot;,&quot;size&quot;:50,&quot;sizes&quot;:[]},&quot;jet_parallax_layout_type&quot;:&quot;scroll&quot;,&quot;jet_parallax_layout_direction&quot;:&quot;1&quot;,&quot;jet_parallax_layout_fx_direction&quot;:null,&quot;jet_parallax_layout_z_index&quot;:&quot;&quot;,&quot;jet_parallax_layout_bg_x&quot;:50,&quot;jet_parallax_layout_bg_x_tablet&quot;:&quot;&quot;,&quot;jet_parallax_layout_bg_x_mobile&quot;:&quot;&quot;,&quot;jet_parallax_layout_bg_y&quot;:50,&quot;jet_parallax_layout_bg_y_tablet&quot;:&quot;&quot;,&quot;jet_parallax_layout_bg_y_mobile&quot;:&quot;&quot;,&quot;jet_parallax_layout_bg_size&quot;:&quot;auto&quot;,&quot;jet_parallax_layout_bg_size_tablet&quot;:&quot;&quot;,&quot;jet_parallax_layout_bg_size_mobile&quot;:&quot;&quot;,&quot;jet_parallax_layout_animation_prop&quot;:&quot;transform&quot;,&quot;jet_parallax_layout_on&quot;:[&quot;desktop&quot;,&quot;tablet&quot;]}]}\">\n\t\t\t\t\t\t<div class=\"elementor-container elementor-column-gap-default\">\n\t\t\t\t\t<div class=\"elementor-column elementor-col-100 elementor-top-column elementor-element elementor-element-65d64d1\" data-id=\"65d64d1\" data-element_type=\"column\">\n\t\t\t<div class=\"elementor-widget-wrap elementor-element-populated\">\n\t\t\t\t\t\t<section class=\"elementor-section elementor-inner-section elementor-element elementor-element-9198e46 elementor-section-boxed elementor-section-height-default elementor-section-height-default\" data-id=\"9198e46\" data-element_type=\"section\" data-settings=\"{&quot;jet_parallax_layout_list&quot;:[{&quot;jet_parallax_layout_image&quot;:{&quot;url&quot;:&quot;&quot;,&quot;id&quot;:&quot;&quot;,&quot;size&quot;:&quot;&quot;},&quot;_id&quot;:&quot;86c1b67&quot;,&quot;jet_parallax_layout_image_tablet&quot;:{&quot;url&quot;:&quot;&quot;,&quot;id&quot;:&quot;&quot;,&quot;size&quot;:&quot;&quot;},&quot;jet_parallax_layout_image_mobile&quot;:{&quot;url&quot;:&quot;&quot;,&quot;id&quot;:&quot;&quot;,&quot;size&quot;:&quot;&quot;},&quot;jet_parallax_layout_speed&quot;:{&quot;unit&quot;:&quot;%&quot;,&quot;size&quot;:50,&quot;sizes&quot;:[]},&quot;jet_parallax_layout_type&quot;:&quot;scroll&quot;,&quot;jet_parallax_layout_direction&quot;:&quot;1&quot;,&quot;jet_parallax_layout_fx_direction&quot;:null,&quot;jet_parallax_layout_z_index&quot;:&quot;&quot;,&quot;jet_parallax_layout_bg_x&quot;:50,&quot;jet_parallax_layout_bg_x_tablet&quot;:&quot;&quot;,&quot;jet_parallax_layout_bg_x_mobile&quot;:&quot;&quot;,&quot;jet_parallax_layout_bg_y&quot;:50,&quot;jet_parallax_layout_bg_y_tablet&quot;:&quot;&quot;,&quot;jet_parallax_layout_bg_y_mobile&quot;:&quot;&quot;,&quot;jet_parallax_layout_bg_size&quot;:&quot;auto&quot;,&quot;jet_parallax_layout_bg_size_tablet&quot;:&quot;&quot;,&quot;jet_parallax_layout_bg_size_mobile&quot;:&quot;&quot;,&quot;jet_parallax_layout_animation_prop&quot;:&quot;transform&quot;,&quot;jet_parallax_layout_on&quot;:[&quot;desktop&quot;,&quot;tablet&quot;]}]}\">\n\t\t\t\t\t\t<div class=\"elementor-container elementor-column-gap-default\">\n\t\t\t\t\t<div class=\"elementor-column elementor-col-50 elementor-inner-column elementor-element elementor-element-bf01d38\" data-id=\"bf01d38\" data-element_type=\"column\">\n\t\t\t<div class=\"elementor-widget-wrap elementor-element-populated\">\n\t\t\t\t\t\t<div class=\"elementor-element elementor-element-f70d0f6 elementor-widget__width-auto elementor-widget elementor-widget-heading\" data-id=\"f70d0f6\" data-element_type=\"widget\" data-widget_type=\"heading.default\">\n\t\t\t\t<div class=\"elementor-widget-container\">\n\t\t\t\t\t<h1 class=\"elementor-heading-title elementor-size-default\">Courses<\/h1>\t\t\t\t<\/div>\n\t\t\t\t<\/div>\n\t\t\t\t\t<\/div>\n\t\t<\/div>\n\t\t\t\t<div class=\"elementor-column elementor-col-50 elementor-inner-column elementor-element elementor-element-76c5d2b\" data-id=\"76c5d2b\" data-element_type=\"column\">\n\t\t\t<div class=\"elementor-widget-wrap\">\n\t\t\t\t\t\t\t<\/div>\n\t\t<\/div>\n\t\t\t\t\t<\/div>\n\t\t<\/section>\n\t\t\t\t<div class=\"elementor-element elementor-element-a59b1f1 jedv-enabled--yes elementor-widget elementor-widget-text-editor\" data-id=\"a59b1f1\" data-element_type=\"widget\" data-widget_type=\"text-editor.default\">\n\t\t\t\t<div class=\"elementor-widget-container\">\n\t\t\t\t\t\t\t\t\t<p>Here are the available ACCES training courses. <a href=\"\/en\/register\/\">Please register<\/a> to participate.<\/p>\t\t\t\t\t\t\t\t<\/div>\n\t\t\t\t<\/div>\n\t\t\t\t<section class=\"elementor-section elementor-inner-section elementor-element elementor-element-177c094 elementor-section-boxed elementor-section-height-default elementor-section-height-default\" data-id=\"177c094\" data-element_type=\"section\" data-settings=\"{&quot;jet_parallax_layout_list&quot;:[{&quot;jet_parallax_layout_image&quot;:{&quot;url&quot;:&quot;&quot;,&quot;id&quot;:&quot;&quot;,&quot;size&quot;:&quot;&quot;},&quot;_id&quot;:&quot;86c1b67&quot;,&quot;jet_parallax_layout_image_tablet&quot;:{&quot;url&quot;:&quot;&quot;,&quot;id&quot;:&quot;&quot;,&quot;size&quot;:&quot;&quot;},&quot;jet_parallax_layout_image_mobile&quot;:{&quot;url&quot;:&quot;&quot;,&quot;id&quot;:&quot;&quot;,&quot;size&quot;:&quot;&quot;},&quot;jet_parallax_layout_speed&quot;:{&quot;unit&quot;:&quot;%&quot;,&quot;size&quot;:50,&quot;sizes&quot;:[]},&quot;jet_parallax_layout_type&quot;:&quot;scroll&quot;,&quot;jet_parallax_layout_direction&quot;:&quot;1&quot;,&quot;jet_parallax_layout_fx_direction&quot;:null,&quot;jet_parallax_layout_z_index&quot;:&quot;&quot;,&quot;jet_parallax_layout_bg_x&quot;:50,&quot;jet_parallax_layout_bg_x_tablet&quot;:&quot;&quot;,&quot;jet_parallax_layout_bg_x_mobile&quot;:&quot;&quot;,&quot;jet_parallax_layout_bg_y&quot;:50,&quot;jet_parallax_layout_bg_y_tablet&quot;:&quot;&quot;,&quot;jet_parallax_layout_bg_y_mobile&quot;:&quot;&quot;,&quot;jet_parallax_layout_bg_size&quot;:&quot;auto&quot;,&quot;jet_parallax_layout_bg_size_tablet&quot;:&quot;&quot;,&quot;jet_parallax_layout_bg_size_mobile&quot;:&quot;&quot;,&quot;jet_parallax_layout_animation_prop&quot;:&quot;transform&quot;,&quot;jet_parallax_layout_on&quot;:[&quot;desktop&quot;,&quot;tablet&quot;]}]}\">\n\t\t\t\t\t\t<div class=\"elementor-container elementor-column-gap-default\">\n\t\t\t\t\t<div class=\"elementor-column elementor-col-100 elementor-inner-column elementor-element elementor-element-073ab3d\" data-id=\"073ab3d\" data-element_type=\"column\">\n\t\t\t<div class=\"elementor-widget-wrap elementor-element-populated\">\n\t\t\t\t\t\t<div class=\"elementor-element elementor-element-448a9c3 elementor-widget__width-auto elementor-widget elementor-widget-heading\" data-id=\"448a9c3\" data-element_type=\"widget\" data-widget_type=\"heading.default\">\n\t\t\t\t<div class=\"elementor-widget-container\">\n\t\t\t\t\t<h1 class=\"elementor-heading-title elementor-size-default\">ACCES base training<\/h1>\t\t\t\t<\/div>\n\t\t\t\t<\/div>\n\t\t\t\t\t<\/div>\n\t\t<\/div>\n\t\t\t\t\t<\/div>\n\t\t<\/section>\n\t\t\t\t<div class=\"elementor-element elementor-element-d996007 elementor-widget elementor-widget-ld-course-list\" data-id=\"d996007\" data-element_type=\"widget\" data-widget_type=\"ld-course-list.default\">\n\t\t\t\t<div class=\"elementor-widget-container\">\n\t\t\t\t\t<div id=\"ld-course-list-content-ff5d31e6436b4d9ebac04ad07e304c43\" class=\"ld-course-list-content\" data-shortcode-atts=\"{&quot;order&quot;:&quot;DESC&quot;,&quot;orderby&quot;:&quot;ID&quot;,&quot;course_grid&quot;:&quot;true&quot;,&quot;progress_bar&quot;:&quot;true&quot;,&quot;col&quot;:&quot;3&quot;,&quot;course_tag_id&quot;:&quot;21&quot;,&quot;course_categoryselector&quot;:&quot;&quot;}\">\n\t\t\t<div class=\"ld-course-list-items row\">\n\t<!-- LearnDash Course Grid v1 --><div class=\"ld_course_grid col-sm-8 col-md-4 \">\n\t<article id=\"post-2594\" class=\" thumbnail course post-2594 sfwd-courses type-sfwd-courses status-publish has-post-thumbnail hentry ld_course_tag-base-en\">\n\t\t\t\t\t\t\t\t<div class=\"ribbon\">\n\t\t\t\tFree\t\t\t<\/div>\n\t\t\t\n\t\t\t\t\t\t<a\n\t\t\t\taria-hidden=\"true\"\n\t\t\t\thref=\"https:\/\/acces.arterequebec.com\/en\/training\/acces-training-general-public\/\"\n\t\t\t\ttabindex=\"-1\"\n\t\t\t>\n\t\t\t\t<img decoding=\"async\" width=\"300\" height=\"154\" src=\"https:\/\/acces.arterequebec.com\/wp-content\/uploads\/2023\/02\/Formation-Generale-300x154.jpg\" class=\"attachment-medium size-medium wp-post-image\" alt=\"ACCES Training &#8211; Base training\" srcset=\"https:\/\/acces.arterequebec.com\/wp-content\/uploads\/2023\/02\/Formation-Generale-300x154.jpg 300w, https:\/\/acces.arterequebec.com\/wp-content\/uploads\/2023\/02\/Formation-Generale-1024x524.jpg 1024w, https:\/\/acces.arterequebec.com\/wp-content\/uploads\/2023\/02\/Formation-Generale-768x393.jpg 768w, https:\/\/acces.arterequebec.com\/wp-content\/uploads\/2023\/02\/Formation-Generale-1536x787.jpg 1536w, https:\/\/acces.arterequebec.com\/wp-content\/uploads\/2023\/02\/Formation-Generale-2048x1049.jpg 2048w\" sizes=\"(max-width: 300px) 100vw, 300px\" \/>\t\t\t<\/a>\n\t\t\t\t\t\n\t\t\t\t\t<div class=\"caption\">\n\t\t\t\t<h3 class=\"entry-title\">ACCES Training &#8211; Base training<\/h3>\n\t\t\t\t\t\t\t\t<div class=\"ld_course_grid_button\">\n\t\t\t\t\t<a\n\t\t\t\t\t\taria-label=\"Enroll Now: ACCES Training &#8211; Base training\"\n\t\t\t\t\t\tclass=\"btn btn-primary\"\n\t\t\t\t\t\thref=\"https:\/\/acces.arterequebec.com\/en\/training\/acces-training-general-public\/\"\n\t\t\t\t\t>\n\t\t\t\t\t\tEnroll Now\t\t\t\t\t<\/a>\n\t\t\t\t<\/div>\n\t\t\t\t\t\t\t\t\t\t\t\t\t\t\t\t\t\t\t\t\t\t\t\t\t\t\t<\/div><!-- .entry-header -->\n\t\t\t<\/article><!-- #post-## -->\n<\/div><!-- .ld_course_grid -->\n\t<\/div>\n\t\t\t<\/div>\n\t\t\t\t\t\t<\/div>\n\t\t\t\t<\/div>\n\t\t\t\t<section class=\"elementor-section elementor-inner-section elementor-element elementor-element-b200aa5 elementor-section-boxed elementor-section-height-default elementor-section-height-default\" data-id=\"b200aa5\" data-element_type=\"section\" data-settings=\"{&quot;jet_parallax_layout_list&quot;:[{&quot;jet_parallax_layout_image&quot;:{&quot;url&quot;:&quot;&quot;,&quot;id&quot;:&quot;&quot;,&quot;size&quot;:&quot;&quot;},&quot;_id&quot;:&quot;86c1b67&quot;,&quot;jet_parallax_layout_image_tablet&quot;:{&quot;url&quot;:&quot;&quot;,&quot;id&quot;:&quot;&quot;,&quot;size&quot;:&quot;&quot;},&quot;jet_parallax_layout_image_mobile&quot;:{&quot;url&quot;:&quot;&quot;,&quot;id&quot;:&quot;&quot;,&quot;size&quot;:&quot;&quot;},&quot;jet_parallax_layout_speed&quot;:{&quot;unit&quot;:&quot;%&quot;,&quot;size&quot;:50,&quot;sizes&quot;:[]},&quot;jet_parallax_layout_type&quot;:&quot;scroll&quot;,&quot;jet_parallax_layout_direction&quot;:&quot;1&quot;,&quot;jet_parallax_layout_fx_direction&quot;:null,&quot;jet_parallax_layout_z_index&quot;:&quot;&quot;,&quot;jet_parallax_layout_bg_x&quot;:50,&quot;jet_parallax_layout_bg_x_tablet&quot;:&quot;&quot;,&quot;jet_parallax_layout_bg_x_mobile&quot;:&quot;&quot;,&quot;jet_parallax_layout_bg_y&quot;:50,&quot;jet_parallax_layout_bg_y_tablet&quot;:&quot;&quot;,&quot;jet_parallax_layout_bg_y_mobile&quot;:&quot;&quot;,&quot;jet_parallax_layout_bg_size&quot;:&quot;auto&quot;,&quot;jet_parallax_layout_bg_size_tablet&quot;:&quot;&quot;,&quot;jet_parallax_layout_bg_size_mobile&quot;:&quot;&quot;,&quot;jet_parallax_layout_animation_prop&quot;:&quot;transform&quot;,&quot;jet_parallax_layout_on&quot;:[&quot;desktop&quot;,&quot;tablet&quot;]}]}\">\n\t\t\t\t\t\t<div class=\"elementor-container elementor-column-gap-default\">\n\t\t\t\t\t<div class=\"elementor-column elementor-col-100 elementor-inner-column elementor-element elementor-element-1833771\" data-id=\"1833771\" data-element_type=\"column\">\n\t\t\t<div class=\"elementor-widget-wrap elementor-element-populated\">\n\t\t\t\t\t\t<div class=\"elementor-element elementor-element-f67f213 elementor-widget__width-auto elementor-widget elementor-widget-heading\" data-id=\"f67f213\" data-element_type=\"widget\" data-widget_type=\"heading.default\">\n\t\t\t\t<div class=\"elementor-widget-container\">\n\t\t\t\t\t<h1 class=\"elementor-heading-title elementor-size-default\">Specific courses<\/h1>\t\t\t\t<\/div>\n\t\t\t\t<\/div>\n\t\t\t\t\t<\/div>\n\t\t<\/div>\n\t\t\t\t\t<\/div>\n\t\t<\/section>\n\t\t\t\t<div class=\"elementor-element elementor-element-48e8618 elementor-widget elementor-widget-ld-course-list\" data-id=\"48e8618\" data-element_type=\"widget\" data-widget_type=\"ld-course-list.default\">\n\t\t\t\t<div class=\"elementor-widget-container\">\n\t\t\t\t\t<div id=\"ld-course-list-content-318b9afd2fa903f3755eb01508e4f099\" class=\"ld-course-list-content\" data-shortcode-atts=\"{&quot;order&quot;:&quot;DESC&quot;,&quot;orderby&quot;:&quot;ID&quot;,&quot;course_grid&quot;:&quot;true&quot;,&quot;progress_bar&quot;:&quot;true&quot;,&quot;col&quot;:&quot;3&quot;,&quot;course_tag_id&quot;:&quot;22&quot;,&quot;course_categoryselector&quot;:&quot;&quot;}\">\n\t\t\t<div class=\"ld-course-list-items row\">\n\t<!-- LearnDash Course Grid v1 --><div class=\"ld_course_grid col-sm-8 col-md-4 \">\n\t<article id=\"post-2592\" class=\" thumbnail course post-2592 sfwd-courses type-sfwd-courses status-publish has-post-thumbnail hentry ld_course_tag-secteurs-en\">\n\t\t\t\t\t\t\t\t<div class=\"ribbon\">\n\t\t\t\tFree\t\t\t<\/div>\n\t\t\t\n\t\t\t\t\t\t<a\n\t\t\t\taria-hidden=\"true\"\n\t\t\t\thref=\"https:\/\/acces.arterequebec.com\/en\/training\/acces-training-counter-service-restaurants\/\"\n\t\t\t\ttabindex=\"-1\"\n\t\t\t>\n\t\t\t\t<img decoding=\"async\" width=\"300\" height=\"154\" src=\"https:\/\/acces.arterequebec.com\/wp-content\/uploads\/2021\/08\/Formation-Restauration-300x154.jpg\" class=\"attachment-medium size-medium wp-post-image\" alt=\"ACCES Training &#8211; Counter-service restaurants\" srcset=\"https:\/\/acces.arterequebec.com\/wp-content\/uploads\/2021\/08\/Formation-Restauration-300x154.jpg 300w, https:\/\/acces.arterequebec.com\/wp-content\/uploads\/2021\/08\/Formation-Restauration-1024x524.jpg 1024w, https:\/\/acces.arterequebec.com\/wp-content\/uploads\/2021\/08\/Formation-Restauration-768x393.jpg 768w, https:\/\/acces.arterequebec.com\/wp-content\/uploads\/2021\/08\/Formation-Restauration-1536x787.jpg 1536w, https:\/\/acces.arterequebec.com\/wp-content\/uploads\/2021\/08\/Formation-Restauration-2048x1049.jpg 2048w\" sizes=\"(max-width: 300px) 100vw, 300px\" \/>\t\t\t<\/a>\n\t\t\t\t\t\n\t\t\t\t\t<div class=\"caption\">\n\t\t\t\t<h3 class=\"entry-title\">ACCES Training &#8211; Counter-service restaurants<\/h3>\n\t\t\t\t\t\t\t\t<div class=\"ld_course_grid_button\">\n\t\t\t\t\t<a\n\t\t\t\t\t\taria-label=\"Enroll Now: ACCES Training &#8211; Counter-service restaurants\"\n\t\t\t\t\t\tclass=\"btn btn-primary\"\n\t\t\t\t\t\thref=\"https:\/\/acces.arterequebec.com\/en\/training\/acces-training-counter-service-restaurants\/\"\n\t\t\t\t\t>\n\t\t\t\t\t\tEnroll Now\t\t\t\t\t<\/a>\n\t\t\t\t<\/div>\n\t\t\t\t\t\t\t\t\t\t\t\t\t\t\t\t\t\t\t\t\t\t\t\t\t\t\t<\/div><!-- .entry-header -->\n\t\t\t<\/article><!-- #post-## -->\n<\/div><!-- .ld_course_grid -->\n\t<\/div>\n\t\t\t<\/div>\n\t\t\t\t\t\t<\/div>\n\t\t\t\t<\/div>\n\t\t\t\t\t<\/div>\n\t\t<\/div>\n\t\t\t\t\t<\/div>\n\t\t<\/section>\n\t\t\t\t<\/div>\n\t\t","protected":false},"excerpt":{"rendered":"<p>Courses Here are the training(s) available to you. Please click on the desired training to start it. You can return to this page at any time to continue the training from where you left off. Here are the available ACCES training courses. Please register to participate. ACCES base training Specific courses<\/p>\n","protected":false},"author":1,"featured_media":2343,"parent":0,"menu_order":0,"comment_status":"closed","ping_status":"closed","template":"","meta":{"footnotes":""},"class_list":["post-2416","page","type-page","status-publish","has-post-thumbnail","hentry"],"yoast_head":"<!-- This site is optimized with the Yoast SEO plugin v26.1.1 - https:\/\/yoast.com\/wordpress\/plugins\/seo\/ -->\n<title>Available course(s) - ACCES - Un projet d&#039;Art\u00e8re<\/title>\n<meta name=\"robots\" content=\"index, follow, max-snippet:-1, max-image-preview:large, max-video-preview:-1\" \/>\n<link rel=\"canonical\" href=\"https:\/\/acces.arterequebec.com\/en\/available-courses\/\" \/>\n<meta property=\"og:locale\" content=\"en_US\" \/>\n<meta property=\"og:type\" content=\"article\" \/>\n<meta property=\"og:title\" content=\"Available course(s) - ACCES - Un projet d&#039;Art\u00e8re\" \/>\n<meta property=\"og:description\" content=\"Courses Here are the training(s) available to you. Please click on the desired training to start it. You can return to this page at any time to continue the training from where you left off. Here are the available ACCES training courses. Please register to participate. ACCES base training Specific courses\" \/>\n<meta property=\"og:url\" content=\"https:\/\/acces.arterequebec.com\/en\/available-courses\/\" \/>\n<meta property=\"og:site_name\" content=\"ACCES - Un projet d&#039;Art\u00e8re\" \/>\n<meta property=\"article:modified_time\" content=\"2025-06-06T12:21:44+00:00\" \/>\n<meta property=\"og:image\" content=\"https:\/\/acces.arterequebec.com\/wp-content\/uploads\/2021\/07\/Artere-Logo-Acces-RGB.png\" \/>\n\t<meta property=\"og:image:width\" content=\"1677\" \/>\n\t<meta property=\"og:image:height\" content=\"762\" \/>\n\t<meta property=\"og:image:type\" content=\"image\/png\" \/>\n<meta name=\"twitter:card\" content=\"summary_large_image\" \/>\n<meta name=\"twitter:label1\" content=\"Est. reading time\" \/>\n\t<meta name=\"twitter:data1\" content=\"1 minute\" \/>\n<script type=\"application\/ld+json\" class=\"yoast-schema-graph\">{\"@context\":\"https:\/\/schema.org\",\"@graph\":[{\"@type\":\"WebPage\",\"@id\":\"https:\/\/acces.arterequebec.com\/en\/available-courses\/\",\"url\":\"https:\/\/acces.arterequebec.com\/en\/available-courses\/\",\"name\":\"Available course(s) - ACCES - Un projet d&#039;Art\u00e8re\",\"isPartOf\":{\"@id\":\"https:\/\/acces.arterequebec.com\/en\/#website\"},\"primaryImageOfPage\":{\"@id\":\"https:\/\/acces.arterequebec.com\/en\/available-courses\/#primaryimage\"},\"image\":{\"@id\":\"https:\/\/acces.arterequebec.com\/en\/available-courses\/#primaryimage\"},\"thumbnailUrl\":\"https:\/\/acces.arterequebec.com\/wp-content\/uploads\/2021\/07\/Artere-Logo-Acces-RGB.png\",\"datePublished\":\"2021-08-04T12:07:55+00:00\",\"dateModified\":\"2025-06-06T12:21:44+00:00\",\"breadcrumb\":{\"@id\":\"https:\/\/acces.arterequebec.com\/en\/available-courses\/#breadcrumb\"},\"inLanguage\":\"en-US\",\"potentialAction\":[{\"@type\":\"ReadAction\",\"target\":[\"https:\/\/acces.arterequebec.com\/en\/available-courses\/\"]}]},{\"@type\":\"ImageObject\",\"inLanguage\":\"en-US\",\"@id\":\"https:\/\/acces.arterequebec.com\/en\/available-courses\/#primaryimage\",\"url\":\"https:\/\/acces.arterequebec.com\/wp-content\/uploads\/2021\/07\/Artere-Logo-Acces-RGB.png\",\"contentUrl\":\"https:\/\/acces.arterequebec.com\/wp-content\/uploads\/2021\/07\/Artere-Logo-Acces-RGB.png\",\"width\":1677,\"height\":762},{\"@type\":\"BreadcrumbList\",\"@id\":\"https:\/\/acces.arterequebec.com\/en\/available-courses\/#breadcrumb\",\"itemListElement\":[{\"@type\":\"ListItem\",\"position\":1,\"name\":\"Accueil\",\"item\":\"https:\/\/acces.arterequebec.com\/en\/\"},{\"@type\":\"ListItem\",\"position\":2,\"name\":\"Available course(s)\"}]},{\"@type\":\"WebSite\",\"@id\":\"https:\/\/acces.arterequebec.com\/en\/#website\",\"url\":\"https:\/\/acces.arterequebec.com\/en\/\",\"name\":\"ACCES - Un projet d&#039;Art\u00e8re\",\"description\":\"Accessibilit\u00e9 communicationnelle des commerces pour une \u00e9quit\u00e9 des services\",\"publisher\":{\"@id\":\"https:\/\/acces.arterequebec.com\/en\/#organization\"},\"potentialAction\":[{\"@type\":\"SearchAction\",\"target\":{\"@type\":\"EntryPoint\",\"urlTemplate\":\"https:\/\/acces.arterequebec.com\/en\/?s={search_term_string}\"},\"query-input\":{\"@type\":\"PropertyValueSpecification\",\"valueRequired\":true,\"valueName\":\"search_term_string\"}}],\"inLanguage\":\"en-US\"},{\"@type\":\"Organization\",\"@id\":\"https:\/\/acces.arterequebec.com\/en\/#organization\",\"name\":\"ACCES - Un projet d&#039;Art\u00e8re\",\"url\":\"https:\/\/acces.arterequebec.com\/en\/\",\"logo\":{\"@type\":\"ImageObject\",\"inLanguage\":\"en-US\",\"@id\":\"https:\/\/acces.arterequebec.com\/en\/#\/schema\/logo\/image\/\",\"url\":\"https:\/\/acces.arterequebec.com\/wp-content\/uploads\/2021\/07\/Artere-Logo-Acces-RGB.png\",\"contentUrl\":\"https:\/\/acces.arterequebec.com\/wp-content\/uploads\/2021\/07\/Artere-Logo-Acces-RGB.png\",\"width\":1677,\"height\":762,\"caption\":\"ACCES - Un projet d&#039;Art\u00e8re\"},\"image\":{\"@id\":\"https:\/\/acces.arterequebec.com\/en\/#\/schema\/logo\/image\/\"}}]}<\/script>\n<!-- \/ Yoast SEO plugin. -->","yoast_head_json":{"title":"Available course(s) - ACCES - Un projet d&#039;Art\u00e8re","robots":{"index":"index","follow":"follow","max-snippet":"max-snippet:-1","max-image-preview":"max-image-preview:large","max-video-preview":"max-video-preview:-1"},"canonical":"https:\/\/acces.arterequebec.com\/en\/available-courses\/","og_locale":"en_US","og_type":"article","og_title":"Available course(s) - ACCES - Un projet d&#039;Art\u00e8re","og_description":"Courses Here are the training(s) available to you. Please click on the desired training to start it. You can return to this page at any time to continue the training from where you left off. Here are the available ACCES training courses. Please register to participate. ACCES base training Specific courses","og_url":"https:\/\/acces.arterequebec.com\/en\/available-courses\/","og_site_name":"ACCES - Un projet d&#039;Art\u00e8re","article_modified_time":"2025-06-06T12:21:44+00:00","og_image":[{"width":1677,"height":762,"url":"https:\/\/acces.arterequebec.com\/wp-content\/uploads\/2021\/07\/Artere-Logo-Acces-RGB.png","type":"image\/png"}],"twitter_card":"summary_large_image","twitter_misc":{"Est. reading time":"1 minute"},"schema":{"@context":"https:\/\/schema.org","@graph":[{"@type":"WebPage","@id":"https:\/\/acces.arterequebec.com\/en\/available-courses\/","url":"https:\/\/acces.arterequebec.com\/en\/available-courses\/","name":"Available course(s) - ACCES - Un projet d&#039;Art\u00e8re","isPartOf":{"@id":"https:\/\/acces.arterequebec.com\/en\/#website"},"primaryImageOfPage":{"@id":"https:\/\/acces.arterequebec.com\/en\/available-courses\/#primaryimage"},"image":{"@id":"https:\/\/acces.arterequebec.com\/en\/available-courses\/#primaryimage"},"thumbnailUrl":"https:\/\/acces.arterequebec.com\/wp-content\/uploads\/2021\/07\/Artere-Logo-Acces-RGB.png","datePublished":"2021-08-04T12:07:55+00:00","dateModified":"2025-06-06T12:21:44+00:00","breadcrumb":{"@id":"https:\/\/acces.arterequebec.com\/en\/available-courses\/#breadcrumb"},"inLanguage":"en-US","potentialAction":[{"@type":"ReadAction","target":["https:\/\/acces.arterequebec.com\/en\/available-courses\/"]}]},{"@type":"ImageObject","inLanguage":"en-US","@id":"https:\/\/acces.arterequebec.com\/en\/available-courses\/#primaryimage","url":"https:\/\/acces.arterequebec.com\/wp-content\/uploads\/2021\/07\/Artere-Logo-Acces-RGB.png","contentUrl":"https:\/\/acces.arterequebec.com\/wp-content\/uploads\/2021\/07\/Artere-Logo-Acces-RGB.png","width":1677,"height":762},{"@type":"BreadcrumbList","@id":"https:\/\/acces.arterequebec.com\/en\/available-courses\/#breadcrumb","itemListElement":[{"@type":"ListItem","position":1,"name":"Accueil","item":"https:\/\/acces.arterequebec.com\/en\/"},{"@type":"ListItem","position":2,"name":"Available course(s)"}]},{"@type":"WebSite","@id":"https:\/\/acces.arterequebec.com\/en\/#website","url":"https:\/\/acces.arterequebec.com\/en\/","name":"ACCES - Un projet d&#039;Art\u00e8re","description":"Accessibilit\u00e9 communicationnelle des commerces pour une \u00e9quit\u00e9 des services","publisher":{"@id":"https:\/\/acces.arterequebec.com\/en\/#organization"},"potentialAction":[{"@type":"SearchAction","target":{"@type":"EntryPoint","urlTemplate":"https:\/\/acces.arterequebec.com\/en\/?s={search_term_string}"},"query-input":{"@type":"PropertyValueSpecification","valueRequired":true,"valueName":"search_term_string"}}],"inLanguage":"en-US"},{"@type":"Organization","@id":"https:\/\/acces.arterequebec.com\/en\/#organization","name":"ACCES - Un projet d&#039;Art\u00e8re","url":"https:\/\/acces.arterequebec.com\/en\/","logo":{"@type":"ImageObject","inLanguage":"en-US","@id":"https:\/\/acces.arterequebec.com\/en\/#\/schema\/logo\/image\/","url":"https:\/\/acces.arterequebec.com\/wp-content\/uploads\/2021\/07\/Artere-Logo-Acces-RGB.png","contentUrl":"https:\/\/acces.arterequebec.com\/wp-content\/uploads\/2021\/07\/Artere-Logo-Acces-RGB.png","width":1677,"height":762,"caption":"ACCES - Un projet d&#039;Art\u00e8re"},"image":{"@id":"https:\/\/acces.arterequebec.com\/en\/#\/schema\/logo\/image\/"}}]}},"_links":{"self":[{"href":"https:\/\/acces.arterequebec.com\/en\/wp-json\/wp\/v2\/pages\/2416","targetHints":{"allow":["GET"]}}],"collection":[{"href":"https:\/\/acces.arterequebec.com\/en\/wp-json\/wp\/v2\/pages"}],"about":[{"href":"https:\/\/acces.arterequebec.com\/en\/wp-json\/wp\/v2\/types\/page"}],"author":[{"embeddable":true,"href":"https:\/\/acces.arterequebec.com\/en\/wp-json\/wp\/v2\/users\/1"}],"replies":[{"embeddable":true,"href":"https:\/\/acces.arterequebec.com\/en\/wp-json\/wp\/v2\/comments?post=2416"}],"version-history":[{"count":25,"href":"https:\/\/acces.arterequebec.com\/en\/wp-json\/wp\/v2\/pages\/2416\/revisions"}],"predecessor-version":[{"id":3860,"href":"https:\/\/acces.arterequebec.com\/en\/wp-json\/wp\/v2\/pages\/2416\/revisions\/3860"}],"wp:featuredmedia":[{"embeddable":true,"href":"https:\/\/acces.arterequebec.com\/en\/wp-json\/wp\/v2\/media\/2343"}],"wp:attachment":[{"href":"https:\/\/acces.arterequebec.com\/en\/wp-json\/wp\/v2\/media?parent=2416"}],"curies":[{"name":"wp","href":"https:\/\/api.w.org\/{rel}","templated":true}]}}