{"id":2414,"date":"2022-11-14T13:41:28","date_gmt":"2022-11-14T18:41:28","guid":{"rendered":"https:\/\/acces.arterequebec.com\/documentation-complementaire\/"},"modified":"2023-11-01T10:09:20","modified_gmt":"2023-11-01T14:09:20","slug":"additionnal-documentation","status":"publish","type":"page","link":"https:\/\/acces.arterequebec.com\/en\/additionnal-documentation\/","title":{"rendered":"Additionnal documentation"},"content":{"rendered":"\t\t<div data-elementor-type=\"wp-page\" data-elementor-id=\"2414\" class=\"elementor elementor-2414 elementor-1777\" data-elementor-post-type=\"page\">\n\t\t\t\t\t\t<section class=\"elementor-section elementor-top-section elementor-element elementor-element-2f5bfa6 elementor-section-height-min-height elementor-section-boxed elementor-section-height-default elementor-section-items-middle\" data-id=\"2f5bfa6\" data-element_type=\"section\" data-settings=\"{&quot;jet_parallax_layout_list&quot;:[{&quot;jet_parallax_layout_image&quot;:{&quot;url&quot;:&quot;&quot;,&quot;id&quot;:&quot;&quot;,&quot;size&quot;:&quot;&quot;},&quot;_id&quot;:&quot;2cef740&quot;,&quot;jet_parallax_layout_image_tablet&quot;:{&quot;url&quot;:&quot;&quot;,&quot;id&quot;:&quot;&quot;,&quot;size&quot;:&quot;&quot;},&quot;jet_parallax_layout_image_mobile&quot;:{&quot;url&quot;:&quot;&quot;,&quot;id&quot;:&quot;&quot;,&quot;size&quot;:&quot;&quot;},&quot;jet_parallax_layout_speed&quot;:{&quot;unit&quot;:&quot;%&quot;,&quot;size&quot;:50,&quot;sizes&quot;:[]},&quot;jet_parallax_layout_type&quot;:&quot;scroll&quot;,&quot;jet_parallax_layout_direction&quot;:&quot;1&quot;,&quot;jet_parallax_layout_fx_direction&quot;:null,&quot;jet_parallax_layout_z_index&quot;:&quot;&quot;,&quot;jet_parallax_layout_bg_x&quot;:50,&quot;jet_parallax_layout_bg_x_tablet&quot;:&quot;&quot;,&quot;jet_parallax_layout_bg_x_mobile&quot;:&quot;&quot;,&quot;jet_parallax_layout_bg_y&quot;:50,&quot;jet_parallax_layout_bg_y_tablet&quot;:&quot;&quot;,&quot;jet_parallax_layout_bg_y_mobile&quot;:&quot;&quot;,&quot;jet_parallax_layout_bg_size&quot;:&quot;auto&quot;,&quot;jet_parallax_layout_bg_size_tablet&quot;:&quot;&quot;,&quot;jet_parallax_layout_bg_size_mobile&quot;:&quot;&quot;,&quot;jet_parallax_layout_animation_prop&quot;:&quot;transform&quot;,&quot;jet_parallax_layout_on&quot;:[&quot;desktop&quot;,&quot;tablet&quot;]}]}\">\n\t\t\t\t\t\t<div class=\"elementor-container elementor-column-gap-default\">\n\t\t\t\t\t<div class=\"elementor-column elementor-col-33 elementor-top-column elementor-element elementor-element-68810ad\" data-id=\"68810ad\" data-element_type=\"column\">\n\t\t\t<div class=\"elementor-widget-wrap elementor-element-populated\">\n\t\t\t\t\t\t<div class=\"elementor-element elementor-element-00cfbb1 elementor-widget elementor-widget-image\" data-id=\"00cfbb1\" data-element_type=\"widget\" data-widget_type=\"image.default\">\n\t\t\t\t<div class=\"elementor-widget-container\">\n\t\t\t\t\t\t\t\t\t\t\t\t\t\t\t<img fetchpriority=\"high\" decoding=\"async\" width=\"577\" height=\"577\" src=\"https:\/\/acces.arterequebec.com\/wp-content\/uploads\/2021\/07\/Artere-logo-acces@2x.png\" class=\"attachment-large size-large wp-image-2342\" alt=\"\" srcset=\"https:\/\/acces.arterequebec.com\/wp-content\/uploads\/2021\/07\/Artere-logo-acces@2x.png 577w, https:\/\/acces.arterequebec.com\/wp-content\/uploads\/2021\/07\/Artere-logo-acces@2x-300x300.png 300w, https:\/\/acces.arterequebec.com\/wp-content\/uploads\/2021\/07\/Artere-logo-acces@2x-150x150.png 150w\" sizes=\"(max-width: 577px) 100vw, 577px\" \/>\t\t\t\t\t\t\t\t\t\t\t\t\t\t\t<\/div>\n\t\t\t\t<\/div>\n\t\t\t\t\t<\/div>\n\t\t<\/div>\n\t\t\t\t<div class=\"elementor-column elementor-col-66 elementor-top-column elementor-element elementor-element-7a15328\" data-id=\"7a15328\" data-element_type=\"column\">\n\t\t\t<div class=\"elementor-widget-wrap elementor-element-populated\">\n\t\t\t\t\t\t<div class=\"elementor-element elementor-element-9017e78 elementor-widget__width-initial elementor-widget elementor-widget-heading\" data-id=\"9017e78\" data-element_type=\"widget\" data-widget_type=\"heading.default\">\n\t\t\t\t<div class=\"elementor-widget-container\">\n\t\t\t\t\t<h1 class=\"elementor-heading-title elementor-size-default\"><span class=\"orange\">A<\/span>dditionnal documentation<\/h1>\t\t\t\t<\/div>\n\t\t\t\t<\/div>\n\t\t\t\t<div class=\"elementor-element elementor-element-d500b5c elementor-widget elementor-widget-spacer\" data-id=\"d500b5c\" data-element_type=\"widget\" data-widget_type=\"spacer.default\">\n\t\t\t\t<div class=\"elementor-widget-container\">\n\t\t\t\t\t\t\t<div class=\"elementor-spacer\">\n\t\t\t<div class=\"elementor-spacer-inner\"><\/div>\n\t\t<\/div>\n\t\t\t\t\t\t<\/div>\n\t\t\t\t<\/div>\n\t\t\t\t\t<\/div>\n\t\t<\/div>\n\t\t\t\t\t<\/div>\n\t\t<\/section>\n\t\t\t\t<section class=\"elementor-section elementor-top-section elementor-element elementor-element-9efa252 elementor-section-boxed elementor-section-height-default elementor-section-height-default\" data-id=\"9efa252\" data-element_type=\"section\" data-settings=\"{&quot;jet_parallax_layout_list&quot;:[{&quot;jet_parallax_layout_image&quot;:{&quot;url&quot;:&quot;&quot;,&quot;id&quot;:&quot;&quot;,&quot;size&quot;:&quot;&quot;},&quot;_id&quot;:&quot;33c5c14&quot;,&quot;jet_parallax_layout_image_tablet&quot;:{&quot;url&quot;:&quot;&quot;,&quot;id&quot;:&quot;&quot;,&quot;size&quot;:&quot;&quot;},&quot;jet_parallax_layout_image_mobile&quot;:{&quot;url&quot;:&quot;&quot;,&quot;id&quot;:&quot;&quot;,&quot;size&quot;:&quot;&quot;},&quot;jet_parallax_layout_speed&quot;:{&quot;unit&quot;:&quot;%&quot;,&quot;size&quot;:50,&quot;sizes&quot;:[]},&quot;jet_parallax_layout_type&quot;:&quot;scroll&quot;,&quot;jet_parallax_layout_direction&quot;:&quot;1&quot;,&quot;jet_parallax_layout_fx_direction&quot;:null,&quot;jet_parallax_layout_z_index&quot;:&quot;&quot;,&quot;jet_parallax_layout_bg_x&quot;:50,&quot;jet_parallax_layout_bg_x_tablet&quot;:&quot;&quot;,&quot;jet_parallax_layout_bg_x_mobile&quot;:&quot;&quot;,&quot;jet_parallax_layout_bg_y&quot;:50,&quot;jet_parallax_layout_bg_y_tablet&quot;:&quot;&quot;,&quot;jet_parallax_layout_bg_y_mobile&quot;:&quot;&quot;,&quot;jet_parallax_layout_bg_size&quot;:&quot;auto&quot;,&quot;jet_parallax_layout_bg_size_tablet&quot;:&quot;&quot;,&quot;jet_parallax_layout_bg_size_mobile&quot;:&quot;&quot;,&quot;jet_parallax_layout_animation_prop&quot;:&quot;transform&quot;,&quot;jet_parallax_layout_on&quot;:[&quot;desktop&quot;,&quot;tablet&quot;]}]}\">\n\t\t\t\t\t\t<div class=\"elementor-container elementor-column-gap-default\">\n\t\t\t\t\t<div class=\"elementor-column elementor-col-100 elementor-top-column elementor-element elementor-element-b4ebd32\" data-id=\"b4ebd32\" data-element_type=\"column\">\n\t\t\t<div class=\"elementor-widget-wrap elementor-element-populated\">\n\t\t\t\t\t\t<div class=\"elementor-element elementor-element-3c08559 elementor-widget__width-auto elementor-widget elementor-widget-heading\" data-id=\"3c08559\" data-element_type=\"widget\" data-widget_type=\"heading.default\">\n\t\t\t\t<div class=\"elementor-widget-container\">\n\t\t\t\t\t<h2 class=\"elementor-heading-title elementor-size-default\">Theoretical guide<\/h2>\t\t\t\t<\/div>\n\t\t\t\t<\/div>\n\t\t\t\t<div class=\"elementor-element elementor-element-047f97d elementor-widget elementor-widget-text-editor\" data-id=\"047f97d\" data-element_type=\"widget\" data-widget_type=\"text-editor.default\">\n\t\t\t\t<div class=\"elementor-widget-container\">\n\t\t\t\t\t\t\t\t\t<p>Here is the <a href=\"https:\/\/acces.arterequebec.com\/wp-content\/uploads\/2022\/11\/Guide-theorique.pdf\">theoretical guide<\/a> explaining the ACCES project\u2019s approach.<\/p>\t\t\t\t\t\t\t\t<\/div>\n\t\t\t\t<\/div>\n\t\t\t\t<div class=\"elementor-element elementor-element-2d548f9 elementor-position-left elementor-view-default elementor-mobile-position-top elementor-widget elementor-widget-icon-box\" data-id=\"2d548f9\" data-element_type=\"widget\" data-widget_type=\"icon-box.default\">\n\t\t\t\t<div class=\"elementor-widget-container\">\n\t\t\t\t\t\t\t<div class=\"elementor-icon-box-wrapper\">\n\n\t\t\t\t\t\t<div class=\"elementor-icon-box-icon\">\n\t\t\t\t<a href=\"https:\/\/acces.arterequebec.com\/wp-content\/uploads\/2022\/11\/Guide-theorique.pdf\" target=\"_blank\" class=\"elementor-icon\" tabindex=\"-1\" aria-label=\"Download the theoretical guide in french only (PDF)\">\n\t\t\t\t<i aria-hidden=\"true\" class=\"far fa-file-pdf\"><\/i>\t\t\t\t<\/a>\n\t\t\t<\/div>\n\t\t\t\n\t\t\t\t\t\t<div class=\"elementor-icon-box-content\">\n\n\t\t\t\t\t\t\t\t\t<h4 class=\"elementor-icon-box-title\">\n\t\t\t\t\t\t<a href=\"https:\/\/acces.arterequebec.com\/wp-content\/uploads\/2022\/11\/Guide-theorique.pdf\" target=\"_blank\" >\n\t\t\t\t\t\t\tDownload the theoretical guide in french only (PDF)\t\t\t\t\t\t<\/a>\n\t\t\t\t\t<\/h4>\n\t\t\t\t\n\t\t\t\t\n\t\t\t<\/div>\n\t\t\t\n\t\t<\/div>\n\t\t\t\t\t\t<\/div>\n\t\t\t\t<\/div>\n\t\t\t\t\t<\/div>\n\t\t<\/div>\n\t\t\t\t\t<\/div>\n\t\t<\/section>\n\t\t\t\t<section class=\"elementor-section elementor-top-section elementor-element elementor-element-365f8e8 elementor-section-height-min-height elementor-section-items-top elementor-section-boxed elementor-section-height-default\" data-id=\"365f8e8\" data-element_type=\"section\" data-settings=\"{&quot;jet_parallax_layout_list&quot;:[{&quot;jet_parallax_layout_image&quot;:{&quot;url&quot;:&quot;&quot;,&quot;id&quot;:&quot;&quot;,&quot;size&quot;:&quot;&quot;},&quot;_id&quot;:&quot;c0d5da9&quot;,&quot;jet_parallax_layout_image_tablet&quot;:{&quot;url&quot;:&quot;&quot;,&quot;id&quot;:&quot;&quot;,&quot;size&quot;:&quot;&quot;},&quot;jet_parallax_layout_image_mobile&quot;:{&quot;url&quot;:&quot;&quot;,&quot;id&quot;:&quot;&quot;,&quot;size&quot;:&quot;&quot;},&quot;jet_parallax_layout_speed&quot;:{&quot;unit&quot;:&quot;%&quot;,&quot;size&quot;:50,&quot;sizes&quot;:[]},&quot;jet_parallax_layout_type&quot;:&quot;scroll&quot;,&quot;jet_parallax_layout_direction&quot;:&quot;1&quot;,&quot;jet_parallax_layout_fx_direction&quot;:null,&quot;jet_parallax_layout_z_index&quot;:&quot;&quot;,&quot;jet_parallax_layout_bg_x&quot;:50,&quot;jet_parallax_layout_bg_x_tablet&quot;:&quot;&quot;,&quot;jet_parallax_layout_bg_x_mobile&quot;:&quot;&quot;,&quot;jet_parallax_layout_bg_y&quot;:50,&quot;jet_parallax_layout_bg_y_tablet&quot;:&quot;&quot;,&quot;jet_parallax_layout_bg_y_mobile&quot;:&quot;&quot;,&quot;jet_parallax_layout_bg_size&quot;:&quot;auto&quot;,&quot;jet_parallax_layout_bg_size_tablet&quot;:&quot;&quot;,&quot;jet_parallax_layout_bg_size_mobile&quot;:&quot;&quot;,&quot;jet_parallax_layout_animation_prop&quot;:&quot;transform&quot;,&quot;jet_parallax_layout_on&quot;:[&quot;desktop&quot;,&quot;tablet&quot;]}]}\">\n\t\t\t\t\t\t<div class=\"elementor-container elementor-column-gap-default\">\n\t\t\t\t\t<div class=\"elementor-column elementor-col-100 elementor-top-column elementor-element elementor-element-f3c24fe\" data-id=\"f3c24fe\" data-element_type=\"column\">\n\t\t\t<div class=\"elementor-widget-wrap elementor-element-populated\">\n\t\t\t\t\t\t<div class=\"elementor-element elementor-element-ac26f8d elementor-widget__width-auto elementor-widget elementor-widget-heading\" data-id=\"ac26f8d\" data-element_type=\"widget\" data-widget_type=\"heading.default\">\n\t\t\t\t<div class=\"elementor-widget-container\">\n\t\t\t\t\t<h2 class=\"elementor-heading-title elementor-size-default\">Other documents<\/h2>\t\t\t\t<\/div>\n\t\t\t\t<\/div>\n\t\t\t\t<div class=\"elementor-element elementor-element-8898724 elementor-widget elementor-widget-text-editor\" data-id=\"8898724\" data-element_type=\"widget\" data-widget_type=\"text-editor.default\">\n\t\t\t\t<div class=\"elementor-widget-container\">\n\t\t\t\t\t\t\t\t\t<p>You can find the training summary here. Feel free to display it in your place of business for the benefit of your employees!<\/p><p>Here, you can also find the environmental accommodation grid we propose for counter-service restaurants, as well as a visual representation of these accommodations to inspire you!<\/p>\t\t\t\t\t\t\t\t<\/div>\n\t\t\t\t<\/div>\n\t\t\t\t<div class=\"elementor-element elementor-element-35c5e19 elementor-position-left elementor-view-default elementor-mobile-position-top elementor-widget elementor-widget-icon-box\" data-id=\"35c5e19\" data-element_type=\"widget\" data-widget_type=\"icon-box.default\">\n\t\t\t\t<div class=\"elementor-widget-container\">\n\t\t\t\t\t\t\t<div class=\"elementor-icon-box-wrapper\">\n\n\t\t\t\t\t\t<div class=\"elementor-icon-box-icon\">\n\t\t\t\t<a href=\"https:\/\/acces.arterequebec.com\/wp-content\/uploads\/2021\/08\/Fiche-re\u0301sume\u0301-02-09.pdf\" target=\"_blank\" class=\"elementor-icon\" tabindex=\"-1\" aria-label=\"Download the training symmary (PDF)\">\n\t\t\t\t<i aria-hidden=\"true\" class=\"far fa-file-pdf\"><\/i>\t\t\t\t<\/a>\n\t\t\t<\/div>\n\t\t\t\n\t\t\t\t\t\t<div class=\"elementor-icon-box-content\">\n\n\t\t\t\t\t\t\t\t\t<h4 class=\"elementor-icon-box-title\">\n\t\t\t\t\t\t<a href=\"https:\/\/acces.arterequebec.com\/wp-content\/uploads\/2021\/08\/Fiche-re\u0301sume\u0301-02-09.pdf\" target=\"_blank\" >\n\t\t\t\t\t\t\tDownload the training symmary (PDF)\t\t\t\t\t\t<\/a>\n\t\t\t\t\t<\/h4>\n\t\t\t\t\n\t\t\t\t\n\t\t\t<\/div>\n\t\t\t\n\t\t<\/div>\n\t\t\t\t\t\t<\/div>\n\t\t\t\t<\/div>\n\t\t\t\t<div class=\"elementor-element elementor-element-dc5a0cf elementor-position-left elementor-view-default elementor-mobile-position-top elementor-widget elementor-widget-icon-box\" data-id=\"dc5a0cf\" data-element_type=\"widget\" data-widget_type=\"icon-box.default\">\n\t\t\t\t<div class=\"elementor-widget-container\">\n\t\t\t\t\t\t\t<div class=\"elementor-icon-box-wrapper\">\n\n\t\t\t\t\t\t<div class=\"elementor-icon-box-icon\">\n\t\t\t\t<a href=\"https:\/\/acces.arterequebec.com\/wp-content\/uploads\/2021\/08\/Adaptations-environnementales-ML-27-juillet.pdf\" target=\"_blank\" class=\"elementor-icon\" tabindex=\"-1\" aria-label=\"Download the environmental accomodation grid (PDF)\">\n\t\t\t\t<i aria-hidden=\"true\" class=\"far fa-file-pdf\"><\/i>\t\t\t\t<\/a>\n\t\t\t<\/div>\n\t\t\t\n\t\t\t\t\t\t<div class=\"elementor-icon-box-content\">\n\n\t\t\t\t\t\t\t\t\t<h4 class=\"elementor-icon-box-title\">\n\t\t\t\t\t\t<a href=\"https:\/\/acces.arterequebec.com\/wp-content\/uploads\/2021\/08\/Adaptations-environnementales-ML-27-juillet.pdf\" target=\"_blank\" >\n\t\t\t\t\t\t\tDownload the environmental accomodation grid (PDF)\t\t\t\t\t\t<\/a>\n\t\t\t\t\t<\/h4>\n\t\t\t\t\n\t\t\t\t\n\t\t\t<\/div>\n\t\t\t\n\t\t<\/div>\n\t\t\t\t\t\t<\/div>\n\t\t\t\t<\/div>\n\t\t\t\t\t<\/div>\n\t\t<\/div>\n\t\t\t\t\t<\/div>\n\t\t<\/section>\n\t\t\t\t<\/div>\n\t\t","protected":false},"excerpt":{"rendered":"<p>Additionnal documentation Theoretical guide Here is the theoretical guide explaining the ACCES project\u2019s approach. Download the theoretical guide in french only (PDF) Other documents You can find the training summary here. Feel free to display it in your place of business for the benefit of your employees! Here, you can also find the environmental accommodation [&hellip;]<\/p>\n","protected":false},"author":1,"featured_media":2343,"parent":0,"menu_order":0,"comment_status":"closed","ping_status":"closed","template":"","meta":{"footnotes":""},"class_list":["post-2414","page","type-page","status-publish","has-post-thumbnail","hentry"],"yoast_head":"<!-- This site is optimized with the Yoast SEO plugin v26.1.1 - https:\/\/yoast.com\/wordpress\/plugins\/seo\/ -->\n<title>ACCES - Un projet d'Art\u00e8re<\/title>\n<meta name=\"robots\" content=\"index, follow, max-snippet:-1, max-image-preview:large, max-video-preview:-1\" \/>\n<link rel=\"canonical\" href=\"https:\/\/acces.arterequebec.com\/en\/additionnal-documentation\/\" \/>\n<meta property=\"og:locale\" content=\"en_US\" \/>\n<meta property=\"og:type\" content=\"article\" \/>\n<meta property=\"og:title\" content=\"ACCES - Un projet d&#039;Art\u00e8re\" \/>\n<meta property=\"og:description\" content=\"Additionnal documentation Theoretical guide Here is the theoretical guide explaining the ACCES project\u2019s approach. Download the theoretical guide in french only (PDF) Other documents You can find the training summary here. Feel free to display it in your place of business for the benefit of your employees! Here, you can also find the environmental accommodation [&hellip;]\" \/>\n<meta property=\"og:url\" content=\"https:\/\/acces.arterequebec.com\/en\/additionnal-documentation\/\" \/>\n<meta property=\"og:site_name\" content=\"ACCES - Un projet d&#039;Art\u00e8re\" \/>\n<meta property=\"article:modified_time\" content=\"2023-11-01T14:09:20+00:00\" \/>\n<meta property=\"og:image\" content=\"https:\/\/acces.arterequebec.com\/wp-content\/uploads\/2021\/07\/Artere-Logo-Acces-RGB.png\" \/>\n\t<meta property=\"og:image:width\" content=\"1677\" \/>\n\t<meta property=\"og:image:height\" content=\"762\" \/>\n\t<meta property=\"og:image:type\" content=\"image\/png\" \/>\n<meta name=\"twitter:card\" content=\"summary_large_image\" \/>\n<meta name=\"twitter:label1\" content=\"Est. reading time\" \/>\n\t<meta name=\"twitter:data1\" content=\"1 minute\" \/>\n<script type=\"application\/ld+json\" class=\"yoast-schema-graph\">{\"@context\":\"https:\/\/schema.org\",\"@graph\":[{\"@type\":\"WebPage\",\"@id\":\"https:\/\/acces.arterequebec.com\/en\/additionnal-documentation\/\",\"url\":\"https:\/\/acces.arterequebec.com\/en\/additionnal-documentation\/\",\"name\":\"ACCES - Un projet d'Art\u00e8re\",\"isPartOf\":{\"@id\":\"https:\/\/acces.arterequebec.com\/en\/#website\"},\"primaryImageOfPage\":{\"@id\":\"https:\/\/acces.arterequebec.com\/en\/additionnal-documentation\/#primaryimage\"},\"image\":{\"@id\":\"https:\/\/acces.arterequebec.com\/en\/additionnal-documentation\/#primaryimage\"},\"thumbnailUrl\":\"https:\/\/acces.arterequebec.com\/wp-content\/uploads\/2021\/07\/Artere-Logo-Acces-RGB.png\",\"datePublished\":\"2022-11-14T18:41:28+00:00\",\"dateModified\":\"2023-11-01T14:09:20+00:00\",\"breadcrumb\":{\"@id\":\"https:\/\/acces.arterequebec.com\/en\/additionnal-documentation\/#breadcrumb\"},\"inLanguage\":\"en-US\",\"potentialAction\":[{\"@type\":\"ReadAction\",\"target\":[\"https:\/\/acces.arterequebec.com\/en\/additionnal-documentation\/\"]}]},{\"@type\":\"ImageObject\",\"inLanguage\":\"en-US\",\"@id\":\"https:\/\/acces.arterequebec.com\/en\/additionnal-documentation\/#primaryimage\",\"url\":\"https:\/\/acces.arterequebec.com\/wp-content\/uploads\/2021\/07\/Artere-Logo-Acces-RGB.png\",\"contentUrl\":\"https:\/\/acces.arterequebec.com\/wp-content\/uploads\/2021\/07\/Artere-Logo-Acces-RGB.png\",\"width\":1677,\"height\":762},{\"@type\":\"BreadcrumbList\",\"@id\":\"https:\/\/acces.arterequebec.com\/en\/additionnal-documentation\/#breadcrumb\",\"itemListElement\":[{\"@type\":\"ListItem\",\"position\":1,\"name\":\"Accueil\",\"item\":\"https:\/\/acces.arterequebec.com\/en\/\"},{\"@type\":\"ListItem\",\"position\":2,\"name\":\"Additionnal documentation\"}]},{\"@type\":\"WebSite\",\"@id\":\"https:\/\/acces.arterequebec.com\/en\/#website\",\"url\":\"https:\/\/acces.arterequebec.com\/en\/\",\"name\":\"ACCES - Un projet d&#039;Art\u00e8re\",\"description\":\"Accessibilit\u00e9 communicationnelle des commerces pour une \u00e9quit\u00e9 des services\",\"publisher\":{\"@id\":\"https:\/\/acces.arterequebec.com\/en\/#organization\"},\"potentialAction\":[{\"@type\":\"SearchAction\",\"target\":{\"@type\":\"EntryPoint\",\"urlTemplate\":\"https:\/\/acces.arterequebec.com\/en\/?s={search_term_string}\"},\"query-input\":{\"@type\":\"PropertyValueSpecification\",\"valueRequired\":true,\"valueName\":\"search_term_string\"}}],\"inLanguage\":\"en-US\"},{\"@type\":\"Organization\",\"@id\":\"https:\/\/acces.arterequebec.com\/en\/#organization\",\"name\":\"ACCES - Un projet d&#039;Art\u00e8re\",\"url\":\"https:\/\/acces.arterequebec.com\/en\/\",\"logo\":{\"@type\":\"ImageObject\",\"inLanguage\":\"en-US\",\"@id\":\"https:\/\/acces.arterequebec.com\/en\/#\/schema\/logo\/image\/\",\"url\":\"https:\/\/acces.arterequebec.com\/wp-content\/uploads\/2021\/07\/Artere-Logo-Acces-RGB.png\",\"contentUrl\":\"https:\/\/acces.arterequebec.com\/wp-content\/uploads\/2021\/07\/Artere-Logo-Acces-RGB.png\",\"width\":1677,\"height\":762,\"caption\":\"ACCES - Un projet d&#039;Art\u00e8re\"},\"image\":{\"@id\":\"https:\/\/acces.arterequebec.com\/en\/#\/schema\/logo\/image\/\"}}]}<\/script>\n<!-- \/ Yoast SEO plugin. -->","yoast_head_json":{"title":"ACCES - Un projet d'Art\u00e8re","robots":{"index":"index","follow":"follow","max-snippet":"max-snippet:-1","max-image-preview":"max-image-preview:large","max-video-preview":"max-video-preview:-1"},"canonical":"https:\/\/acces.arterequebec.com\/en\/additionnal-documentation\/","og_locale":"en_US","og_type":"article","og_title":"ACCES - Un projet d'Art\u00e8re","og_description":"Additionnal documentation Theoretical guide Here is the theoretical guide explaining the ACCES project\u2019s approach. Download the theoretical guide in french only (PDF) Other documents You can find the training summary here. Feel free to display it in your place of business for the benefit of your employees! Here, you can also find the environmental accommodation [&hellip;]","og_url":"https:\/\/acces.arterequebec.com\/en\/additionnal-documentation\/","og_site_name":"ACCES - Un projet d&#039;Art\u00e8re","article_modified_time":"2023-11-01T14:09:20+00:00","og_image":[{"width":1677,"height":762,"url":"https:\/\/acces.arterequebec.com\/wp-content\/uploads\/2021\/07\/Artere-Logo-Acces-RGB.png","type":"image\/png"}],"twitter_card":"summary_large_image","twitter_misc":{"Est. reading time":"1 minute"},"schema":{"@context":"https:\/\/schema.org","@graph":[{"@type":"WebPage","@id":"https:\/\/acces.arterequebec.com\/en\/additionnal-documentation\/","url":"https:\/\/acces.arterequebec.com\/en\/additionnal-documentation\/","name":"ACCES - Un projet d'Art\u00e8re","isPartOf":{"@id":"https:\/\/acces.arterequebec.com\/en\/#website"},"primaryImageOfPage":{"@id":"https:\/\/acces.arterequebec.com\/en\/additionnal-documentation\/#primaryimage"},"image":{"@id":"https:\/\/acces.arterequebec.com\/en\/additionnal-documentation\/#primaryimage"},"thumbnailUrl":"https:\/\/acces.arterequebec.com\/wp-content\/uploads\/2021\/07\/Artere-Logo-Acces-RGB.png","datePublished":"2022-11-14T18:41:28+00:00","dateModified":"2023-11-01T14:09:20+00:00","breadcrumb":{"@id":"https:\/\/acces.arterequebec.com\/en\/additionnal-documentation\/#breadcrumb"},"inLanguage":"en-US","potentialAction":[{"@type":"ReadAction","target":["https:\/\/acces.arterequebec.com\/en\/additionnal-documentation\/"]}]},{"@type":"ImageObject","inLanguage":"en-US","@id":"https:\/\/acces.arterequebec.com\/en\/additionnal-documentation\/#primaryimage","url":"https:\/\/acces.arterequebec.com\/wp-content\/uploads\/2021\/07\/Artere-Logo-Acces-RGB.png","contentUrl":"https:\/\/acces.arterequebec.com\/wp-content\/uploads\/2021\/07\/Artere-Logo-Acces-RGB.png","width":1677,"height":762},{"@type":"BreadcrumbList","@id":"https:\/\/acces.arterequebec.com\/en\/additionnal-documentation\/#breadcrumb","itemListElement":[{"@type":"ListItem","position":1,"name":"Accueil","item":"https:\/\/acces.arterequebec.com\/en\/"},{"@type":"ListItem","position":2,"name":"Additionnal documentation"}]},{"@type":"WebSite","@id":"https:\/\/acces.arterequebec.com\/en\/#website","url":"https:\/\/acces.arterequebec.com\/en\/","name":"ACCES - Un projet d&#039;Art\u00e8re","description":"Accessibilit\u00e9 communicationnelle des commerces pour une \u00e9quit\u00e9 des services","publisher":{"@id":"https:\/\/acces.arterequebec.com\/en\/#organization"},"potentialAction":[{"@type":"SearchAction","target":{"@type":"EntryPoint","urlTemplate":"https:\/\/acces.arterequebec.com\/en\/?s={search_term_string}"},"query-input":{"@type":"PropertyValueSpecification","valueRequired":true,"valueName":"search_term_string"}}],"inLanguage":"en-US"},{"@type":"Organization","@id":"https:\/\/acces.arterequebec.com\/en\/#organization","name":"ACCES - Un projet d&#039;Art\u00e8re","url":"https:\/\/acces.arterequebec.com\/en\/","logo":{"@type":"ImageObject","inLanguage":"en-US","@id":"https:\/\/acces.arterequebec.com\/en\/#\/schema\/logo\/image\/","url":"https:\/\/acces.arterequebec.com\/wp-content\/uploads\/2021\/07\/Artere-Logo-Acces-RGB.png","contentUrl":"https:\/\/acces.arterequebec.com\/wp-content\/uploads\/2021\/07\/Artere-Logo-Acces-RGB.png","width":1677,"height":762,"caption":"ACCES - Un projet d&#039;Art\u00e8re"},"image":{"@id":"https:\/\/acces.arterequebec.com\/en\/#\/schema\/logo\/image\/"}}]}},"_links":{"self":[{"href":"https:\/\/acces.arterequebec.com\/en\/wp-json\/wp\/v2\/pages\/2414","targetHints":{"allow":["GET"]}}],"collection":[{"href":"https:\/\/acces.arterequebec.com\/en\/wp-json\/wp\/v2\/pages"}],"about":[{"href":"https:\/\/acces.arterequebec.com\/en\/wp-json\/wp\/v2\/types\/page"}],"author":[{"embeddable":true,"href":"https:\/\/acces.arterequebec.com\/en\/wp-json\/wp\/v2\/users\/1"}],"replies":[{"embeddable":true,"href":"https:\/\/acces.arterequebec.com\/en\/wp-json\/wp\/v2\/comments?post=2414"}],"version-history":[{"count":7,"href":"https:\/\/acces.arterequebec.com\/en\/wp-json\/wp\/v2\/pages\/2414\/revisions"}],"predecessor-version":[{"id":2838,"href":"https:\/\/acces.arterequebec.com\/en\/wp-json\/wp\/v2\/pages\/2414\/revisions\/2838"}],"wp:featuredmedia":[{"embeddable":true,"href":"https:\/\/acces.arterequebec.com\/en\/wp-json\/wp\/v2\/media\/2343"}],"wp:attachment":[{"href":"https:\/\/acces.arterequebec.com\/en\/wp-json\/wp\/v2\/media?parent=2414"}],"curies":[{"name":"wp","href":"https:\/\/api.w.org\/{rel}","templated":true}]}}